{"id":2025,"date":"2024-12-14T21:22:12","date_gmt":"2024-12-14T20:22:12","guid":{"rendered":"https:\/\/ortesis.pl\/?post_type=product&#038;p=2025"},"modified":"2025-12-08T20:44:56","modified_gmt":"2025-12-08T19:44:56","slug":"flexme-suplement-wspomagajacy-stawy-opakowanie-60-kapsulek","status":"publish","type":"product","link":"https:\/\/ortesis.pl\/?product=flexme-suplement-wspomagajacy-stawy-opakowanie-60-kapsulek","title":{"rendered":"Kolagen FlexMe 60 kapsu\u0142ek"},"content":{"rendered":"<div class=\"flex-shrink-0 flex flex-col relative items-end\">\n<div>\n<div class=\"pt-0\">\n<div class=\"gizmo-bot-avatar flex h-8 w-8 items-center justify-center overflow-hidden rounded-full\">\n<div class=\"relative p-1 rounded-sm flex items-center justify-center bg-token-main-surface-primary text-token-text-primary h-8 w-8\"><strong style=\"font-size: 16px;\">FlexMe \u2013 Suplement wspomagaj\u0105cy stawy<\/strong><\/div>\n<\/div>\n<\/div>\n<\/div>\n<\/div>\n<div class=\"group\/conversation-turn relative flex w-full min-w-0 flex-col agent-turn\">\n<div class=\"flex-col gap-1 md:gap-3\">\n<div class=\"flex max-w-full flex-col flex-grow\">\n<div class=\"min-h-8 text-message flex w-full flex-col items-end gap-2 whitespace-normal break-words text-start [.text-message+&amp;]:mt-5\" dir=\"auto\" data-message-author-role=\"assistant\" data-message-id=\"da4cfeec-15b3-471d-8412-e59c91910d88\" data-message-model-slug=\"gpt-4o\">\n<div class=\"flex w-full flex-col gap-1 empty:hidden first:pt-[3px]\">\n<div class=\"markdown prose w-full break-words dark:prose-invert light\">\n<p><strong>Suplement diety<\/strong><br \/>\n<strong>Ilo\u015b\u0107:<\/strong> 60 kapsu\u0142ek (30 dni stosowania \u2013 1 kapsu\u0142ka 2 razy dziennie po posi\u0142ku)<\/p>\n<p><strong>Zachowaj sprawne stawy dzi\u0119ki wielosk\u0142adnikowej formule<\/strong><\/p>\n<p><strong>Kluczowe dzia\u0142anie:<\/strong><\/p>\n<ul>\n<li>Pomaga w utrzymaniu komfortu staw\u00f3w (ekstrakt z kadzid\u0142owca indyjskiego \u2013 <em>Boswellia serrata<\/em>).<\/li>\n<li>Wspiera produkcj\u0119 kolagenu dla prawid\u0142owego funkcjonowania chrz\u0105stek i ko\u015bci (witamina C).<\/li>\n<\/ul>\n<table>\n<thead>\n<tr>\n<th><strong>Sk\u0142adnik<\/strong><\/th>\n<th><strong>Ilo\u015b\u0107 w dziennej porcji<\/strong><\/th>\n<th><strong>Dzia\u0142anie<\/strong><\/th>\n<\/tr>\n<\/thead>\n<tbody>\n<tr>\n<td><strong>Kolagen natywny T2NDC\u00ae<\/strong><\/td>\n<td>120 mg (w tym 12 mg typu II)<\/td>\n<td>Wspiera struktur\u0119 tkanki \u0142\u0105cznej, chrz\u0105stek i ko\u015bci. Pozyskany dzi\u0119ki technologii ekstrakcji na zimno.<\/td>\n<\/tr>\n<tr>\n<td><strong>Ekstrakt z kadzid\u0142owca indyjskiego (Casperome\u00ae)<\/strong><\/td>\n<td>105 mg<\/td>\n<td>Pomaga w utrzymaniu komfortu staw\u00f3w. Standaryzowany na 25% kwas\u00f3w triterpenowych i 10% bosweliowych.<\/td>\n<\/tr>\n<tr>\n<td><strong>Metylosulfonylometan OptiMSM\u00ae<\/strong><\/td>\n<td>900 mg<\/td>\n<td>Organiczna siarka wspieraj\u0105ca syntez\u0119 kolagenu i keratyny. Czysto\u015b\u0107 99,9%.<\/td>\n<\/tr>\n<tr>\n<td><strong>Hialuronian sodu<\/strong><\/td>\n<td>20 mg<\/td>\n<td>Nawil\u017ca tkanki i wspiera ich elastyczno\u015b\u0107 dzi\u0119ki niskocz\u0105steczkowej formule.<\/td>\n<\/tr>\n<tr>\n<td><strong>Witamina C<\/strong><\/td>\n<td>50 mg<\/td>\n<td>Wspomaga produkcj\u0119 kolagenu, chroni kom\u00f3rki przed stresem oksydacyjnym.<\/td>\n<\/tr>\n<\/tbody>\n<\/table>\n<hr \/>\n<h3><strong>Zalecane stosowanie<\/strong><\/h3>\n<table>\n<thead>\n<tr>\n<th><strong>Dawkowanie<\/strong><\/th>\n<th><strong>Uwagi<\/strong><\/th>\n<\/tr>\n<\/thead>\n<tbody>\n<tr>\n<td>1 kapsu\u0142ka 2 razy dziennie<\/td>\n<td>Najlepiej po posi\u0142ku. Nie nale\u017cy przekracza\u0107 zalecanej porcji.<\/td>\n<\/tr>\n<\/tbody>\n<\/table>\n<hr \/>\n<h3><\/h3>\n<h3><strong>Multisk\u0142adnikowa formu\u0142a FlexMe<\/strong><\/h3>\n<p>FlexMe \u0142\u0105czy sk\u0142adniki najwy\u017cszej jako\u015bci, kt\u00f3re wspomagaj\u0105 zdrowie staw\u00f3w:<\/p>\n<ul>\n<li><strong>Kolagen natywny T2NDC\u00ae<\/strong> (120 mg w porcji dziennej, w tym 12 mg kolagenu typu II) \u2013 naturalny kolagen pozyskany z chrz\u0105stki kurczaka dzi\u0119ki technologii ekstrakcji na zimno, zachowuj\u0105cej jego struktur\u0119.<\/li>\n<li><strong>Ekstrakt z kadzid\u0142owca indyjskiego w formule Casperome\u00ae<\/strong> (105 mg) \u2013 standaryzowany na 25% kwas\u00f3w triterpenowych i 10% kwas\u00f3w bosweliowych, kt\u00f3re wspieraj\u0105 komfort staw\u00f3w.<\/li>\n<li><strong>Metylosulfonylometan OptiMSM\u00ae (MSM)<\/strong> (900 mg) \u2013 wysokiej czysto\u015bci forma siarki organicznej (99,9%), niezb\u0119dnej do syntezy kolagenu i keratyny.<\/li>\n<li><strong>Hialuronian sodu<\/strong> (20 mg) \u2013 niskocz\u0105steczkowy kwas hialuronowy, kt\u00f3ry skutecznie przenika do g\u0142\u0119bszych warstw tkanek.<\/li>\n<li><strong>Witamina C<\/strong> (50 mg) \u2013 wspomaga produkcj\u0119 kolagenu i chroni kom\u00f3rki przed stresem oksydacyjnym<\/li>\n<\/ul>\n<hr \/>\n<h3><strong>Sk\u0142adniki<\/strong><\/h3>\n<p>Metylosulfonylometan (MSM) OptiMSM\u00ae, Casperome\u00ae (ekstrakt z kadzid\u0142owca indyjskiego standaryzowany na 25% kwas\u00f3w triterpenowych i 10% kwas\u00f3w bosweliowych), kolagen natywny T2NDC\u00ae, kwas L-askorbinowy (witamina C), hialuronian sodu, substancje pomocnicze: hydroksypropylometyloceluloza (kapsu\u0142ka), celuloza, dwutlenek krzemu.<\/p>\n<hr \/>\n<h3><strong>Przechowywanie i \u015brodki ostro\u017cno\u015bci<\/strong><\/h3>\n<ul>\n<li>Przechowywa\u0107 w szczelnie zamkni\u0119tym opakowaniu, w temperaturze 15\u201325\u00b0C, z dala od wilgoci i \u015bwiat\u0142a, w miejscu niedost\u0119pnym dla dzieci.<\/li>\n<li>Spo\u017cy\u0107 w ci\u0105gu 2 miesi\u0119cy od otwarcia.<\/li>\n<li>Nie stosowa\u0107 w przypadku nadwra\u017cliwo\u015bci na kt\u00f3rykolwiek ze sk\u0142adnik\u00f3w.<\/li>\n<li>Kobiety w ci\u0105\u017cy i karmi\u0105ce piersi\u0105 oraz osoby przyjmuj\u0105ce leki powinny skonsultowa\u0107 stosowanie suplementu z lekarzem.<\/li>\n<\/ul>\n<hr \/>\n<p><strong>Producent:<\/strong><br \/>\nHEALTH LABS CARE S.A.<br \/>\nul. Sienkiewicza 81\/3\/200, 15\u2011003 Bia\u0142ystok<\/p>\n<\/div>\n<\/div>\n<\/div>\n<\/div>\n<\/div>\n<\/div>\n<p><strong>Spo\u017cycie<\/strong>: 4 kapsu\u0142ki dziennie (2 rano i 2 wieczorem) . Spo\u017cywa\u0107 podczas posi\u0142ku, popijaj\u0105c wod\u0105.<\/p>\n","protected":false},"excerpt":{"rendered":"<p>Rotoxal to suplement diety uzupe\u0142niaj\u0105cy codzienn\u0105 diet\u0119 os\u00f3b doros\u0142ych w sk\u0142adniki przyczyniaj\u0105ce<br \/>\nsi\u0119 do utrzymania zdrowych staw\u00f3w i ko\u015bci. W swoim sk\u0142adzie zawiera glukozamin\u0119, chondroityn\u0119,<br \/>\nMSM (organiczny zwi\u0105zek siarki), bor, mangan, jak r\u00f3wnie\u017c witaminy K+D.<\/p>\n","protected":false},"featured_media":2026,"template":"","meta":{"site-sidebar-layout":"default","site-content-layout":"","ast-site-content-layout":"default","site-content-style":"default","site-sidebar-style":"default","ast-global-header-display":"","ast-banner-title-visibility":"","ast-main-header-display":"","ast-hfb-above-header-display":"","ast-hfb-below-header-display":"","ast-hfb-mobile-header-display":"","site-post-title":"","ast-breadcrumbs-content":"","ast-featured-img":"","footer-sml-layout":"","ast-disable-related-posts":"","theme-transparent-header-meta":"default","adv-header-id-meta":"","stick-header-meta":"","header-above-stick-meta":"","header-main-stick-meta":"","header-below-stick-meta":"","astra-migrate-meta-layouts":"set","ast-page-background-enabled":"default","ast-page-background-meta":{"desktop":{"background-color":"var(--ast-global-color-4)","background-image":"","background-repeat":"repeat","background-position":"center center","background-size":"auto","background-attachment":"scroll","background-type":"","background-media":"","overlay-type":"","overlay-color":"","overlay-opacity":"","overlay-gradient":""},"tablet":{"background-color":"","background-image":"","background-repeat":"repeat","background-position":"center center","background-size":"auto","background-attachment":"scroll","background-type":"","background-media":"","overlay-type":"","overlay-color":"","overlay-opacity":"","overlay-gradient":""},"mobile":{"background-color":"","background-image":"","background-repeat":"repeat","background-position":"center center","background-size":"auto","background-attachment":"scroll","background-type":"","background-media":"","overlay-type":"","overlay-color":"","overlay-opacity":"","overlay-gradient":""}},"ast-content-background-meta":{"desktop":{"background-color":"var(--ast-global-color-5)","background-image":"","background-repeat":"repeat","background-position":"center center","background-size":"auto","background-attachment":"scroll","background-type":"","background-media":"","overlay-type":"","overlay-color":"","overlay-opacity":"","overlay-gradient":""},"tablet":{"background-color":"var(--ast-global-color-5)","background-image":"","background-repeat":"repeat","background-position":"center center","background-size":"auto","background-attachment":"scroll","background-type":"","background-media":"","overlay-type":"","overlay-color":"","overlay-opacity":"","overlay-gradient":""},"mobile":{"background-color":"var(--ast-global-color-5)","background-image":"","background-repeat":"repeat","background-position":"center center","background-size":"auto","background-attachment":"scroll","background-type":"","background-media":"","overlay-type":"","overlay-color":"","overlay-opacity":"","overlay-gradient":""}}},"product_brand":[],"product_cat":[97,87],"product_tag":[98,88],"class_list":{"0":"post-2025","1":"product","2":"type-product","3":"status-publish","4":"has-post-thumbnail","6":"product_cat-kolagen","7":"product_cat-suplementy-na-stawy","8":"product_tag-kolagen","9":"product_tag-suplement-na-stawy","10":"desktop-align-center","11":"tablet-align-left","12":"mobile-align-left","14":"first","15":"instock","16":"taxable","17":"shipping-taxable","18":"purchasable","19":"product-type-simple"},"yoast_head":"<!-- This site is optimized with the Yoast SEO plugin v27.4 - https:\/\/yoast.com\/product\/yoast-seo-wordpress\/ -->\n<title>Kolagen FlexMe 60 kapsu\u0142ek - ortesis.pl<\/title>\n<meta name=\"description\" content=\"Wspiera komfort staw\u00f3w i produkcj\u0119 kolagenu. Zawiera kolagen T2NDC\u00ae, Boswellia serrata, MSM i witamin\u0119 C.60 kapsu\u0142ek \u2013 30 dni stosowania.\" \/>\n<meta name=\"robots\" content=\"index, follow, max-snippet:-1, max-image-preview:large, max-video-preview:-1\" \/>\n<link rel=\"canonical\" href=\"https:\/\/ortesis.pl\/?product=flexme-suplement-wspomagajacy-stawy-opakowanie-60-kapsulek\" \/>\n<meta property=\"og:locale\" content=\"pl_PL\" \/>\n<meta property=\"og:type\" content=\"article\" \/>\n<meta property=\"og:title\" content=\"Kolagen FlexMe 60 kapsu\u0142ek - ortesis.pl\" \/>\n<meta property=\"og:description\" content=\"Wspiera komfort staw\u00f3w i produkcj\u0119 kolagenu. Zawiera kolagen T2NDC\u00ae, Boswellia serrata, MSM i witamin\u0119 C.60 kapsu\u0142ek \u2013 30 dni stosowania.\" \/>\n<meta property=\"og:url\" content=\"https:\/\/ortesis.pl\/?product=flexme-suplement-wspomagajacy-stawy-opakowanie-60-kapsulek\" \/>\n<meta property=\"og:site_name\" content=\"ortesis.pl\" \/>\n<meta property=\"article:modified_time\" content=\"2025-12-08T19:44:56+00:00\" \/>\n<meta property=\"og:image\" content=\"https:\/\/ortesis.pl\/wp-content\/uploads\/2024\/12\/flex-me-suplement-wspomagajacy-stawy.webp\" \/>\n\t<meta property=\"og:image:width\" content=\"1024\" \/>\n\t<meta property=\"og:image:height\" content=\"1365\" \/>\n\t<meta property=\"og:image:type\" content=\"image\/webp\" \/>\n<meta name=\"twitter:card\" content=\"summary_large_image\" \/>\n<meta name=\"twitter:label1\" content=\"Szacowany czas czytania\" \/>\n\t<meta name=\"twitter:data1\" content=\"3 minuty\" \/>\n<script type=\"application\/ld+json\" class=\"yoast-schema-graph\">{\"@context\":\"https:\\\/\\\/schema.org\",\"@graph\":[{\"@type\":\"WebPage\",\"@id\":\"https:\\\/\\\/ortesis.pl\\\/?product=flexme-suplement-wspomagajacy-stawy-opakowanie-60-kapsulek\",\"url\":\"https:\\\/\\\/ortesis.pl\\\/?product=flexme-suplement-wspomagajacy-stawy-opakowanie-60-kapsulek\",\"name\":\"Kolagen FlexMe 60 kapsu\u0142ek - ortesis.pl\",\"isPartOf\":{\"@id\":\"https:\\\/\\\/ortesis.pl\\\/#website\"},\"primaryImageOfPage\":{\"@id\":\"https:\\\/\\\/ortesis.pl\\\/?product=flexme-suplement-wspomagajacy-stawy-opakowanie-60-kapsulek#primaryimage\"},\"image\":{\"@id\":\"https:\\\/\\\/ortesis.pl\\\/?product=flexme-suplement-wspomagajacy-stawy-opakowanie-60-kapsulek#primaryimage\"},\"thumbnailUrl\":\"https:\\\/\\\/ortesis.pl\\\/wp-content\\\/uploads\\\/2024\\\/12\\\/flex-me-suplement-wspomagajacy-stawy.webp\",\"datePublished\":\"2024-12-14T20:22:12+00:00\",\"dateModified\":\"2025-12-08T19:44:56+00:00\",\"description\":\"Wspiera komfort staw\u00f3w i produkcj\u0119 kolagenu. Zawiera kolagen T2NDC\u00ae, Boswellia serrata, MSM i witamin\u0119 C.60 kapsu\u0142ek \u2013 30 dni stosowania.\",\"breadcrumb\":{\"@id\":\"https:\\\/\\\/ortesis.pl\\\/?product=flexme-suplement-wspomagajacy-stawy-opakowanie-60-kapsulek#breadcrumb\"},\"inLanguage\":\"pl-PL\",\"potentialAction\":[{\"@type\":\"ReadAction\",\"target\":[\"https:\\\/\\\/ortesis.pl\\\/?product=flexme-suplement-wspomagajacy-stawy-opakowanie-60-kapsulek\"]}]},{\"@type\":\"ImageObject\",\"inLanguage\":\"pl-PL\",\"@id\":\"https:\\\/\\\/ortesis.pl\\\/?product=flexme-suplement-wspomagajacy-stawy-opakowanie-60-kapsulek#primaryimage\",\"url\":\"https:\\\/\\\/ortesis.pl\\\/wp-content\\\/uploads\\\/2024\\\/12\\\/flex-me-suplement-wspomagajacy-stawy.webp\",\"contentUrl\":\"https:\\\/\\\/ortesis.pl\\\/wp-content\\\/uploads\\\/2024\\\/12\\\/flex-me-suplement-wspomagajacy-stawy.webp\",\"width\":1024,\"height\":1365,\"caption\":\"flex me suplement-wspomagajacy stawy\"},{\"@type\":\"BreadcrumbList\",\"@id\":\"https:\\\/\\\/ortesis.pl\\\/?product=flexme-suplement-wspomagajacy-stawy-opakowanie-60-kapsulek#breadcrumb\",\"itemListElement\":[{\"@type\":\"ListItem\",\"position\":1,\"name\":\"Strona g\u0142\u00f3wna\",\"item\":\"https:\\\/\\\/ortesis.pl\\\/\"},{\"@type\":\"ListItem\",\"position\":2,\"name\":\"Sklep\",\"item\":\"https:\\\/\\\/ortesis.pl\\\/?page_id=977\"},{\"@type\":\"ListItem\",\"position\":3,\"name\":\"Kolagen FlexMe 60 kapsu\u0142ek\"}]},{\"@type\":\"WebSite\",\"@id\":\"https:\\\/\\\/ortesis.pl\\\/#website\",\"url\":\"https:\\\/\\\/ortesis.pl\\\/\",\"name\":\"ortesis.pl\",\"description\":\"Sklep z zaopatrzeniem ortopedycznym, artyku\u0142ami medycznymi i suplementami\",\"publisher\":{\"@id\":\"https:\\\/\\\/ortesis.pl\\\/#organization\"},\"potentialAction\":[{\"@type\":\"SearchAction\",\"target\":{\"@type\":\"EntryPoint\",\"urlTemplate\":\"https:\\\/\\\/ortesis.pl\\\/?s={search_term_string}\"},\"query-input\":{\"@type\":\"PropertyValueSpecification\",\"valueRequired\":true,\"valueName\":\"search_term_string\"}}],\"inLanguage\":\"pl-PL\"},{\"@type\":\"Organization\",\"@id\":\"https:\\\/\\\/ortesis.pl\\\/#organization\",\"name\":\"ortesis.pl\",\"url\":\"https:\\\/\\\/ortesis.pl\\\/\",\"logo\":{\"@type\":\"ImageObject\",\"inLanguage\":\"pl-PL\",\"@id\":\"https:\\\/\\\/ortesis.pl\\\/#\\\/schema\\\/logo\\\/image\\\/\",\"url\":\"https:\\\/\\\/ortesis.pl\\\/wp-content\\\/uploads\\\/2022\\\/08\\\/cropped-We-live-free.-1.png\",\"contentUrl\":\"https:\\\/\\\/ortesis.pl\\\/wp-content\\\/uploads\\\/2022\\\/08\\\/cropped-We-live-free.-1.png\",\"width\":180,\"height\":60,\"caption\":\"ortesis.pl\"},\"image\":{\"@id\":\"https:\\\/\\\/ortesis.pl\\\/#\\\/schema\\\/logo\\\/image\\\/\"}}]}<\/script>\n<!-- \/ Yoast SEO plugin. -->","yoast_head_json":{"title":"Kolagen FlexMe 60 kapsu\u0142ek - ortesis.pl","description":"Wspiera komfort staw\u00f3w i produkcj\u0119 kolagenu. Zawiera kolagen T2NDC\u00ae, Boswellia serrata, MSM i witamin\u0119 C.60 kapsu\u0142ek \u2013 30 dni stosowania.","robots":{"index":"index","follow":"follow","max-snippet":"max-snippet:-1","max-image-preview":"max-image-preview:large","max-video-preview":"max-video-preview:-1"},"canonical":"https:\/\/ortesis.pl\/?product=flexme-suplement-wspomagajacy-stawy-opakowanie-60-kapsulek","og_locale":"pl_PL","og_type":"article","og_title":"Kolagen FlexMe 60 kapsu\u0142ek - ortesis.pl","og_description":"Wspiera komfort staw\u00f3w i produkcj\u0119 kolagenu. Zawiera kolagen T2NDC\u00ae, Boswellia serrata, MSM i witamin\u0119 C.60 kapsu\u0142ek \u2013 30 dni stosowania.","og_url":"https:\/\/ortesis.pl\/?product=flexme-suplement-wspomagajacy-stawy-opakowanie-60-kapsulek","og_site_name":"ortesis.pl","article_modified_time":"2025-12-08T19:44:56+00:00","og_image":[{"width":1024,"height":1365,"url":"https:\/\/ortesis.pl\/wp-content\/uploads\/2024\/12\/flex-me-suplement-wspomagajacy-stawy.webp","type":"image\/webp"}],"twitter_card":"summary_large_image","twitter_misc":{"Szacowany czas czytania":"3 minuty"},"schema":{"@context":"https:\/\/schema.org","@graph":[{"@type":"WebPage","@id":"https:\/\/ortesis.pl\/?product=flexme-suplement-wspomagajacy-stawy-opakowanie-60-kapsulek","url":"https:\/\/ortesis.pl\/?product=flexme-suplement-wspomagajacy-stawy-opakowanie-60-kapsulek","name":"Kolagen FlexMe 60 kapsu\u0142ek - ortesis.pl","isPartOf":{"@id":"https:\/\/ortesis.pl\/#website"},"primaryImageOfPage":{"@id":"https:\/\/ortesis.pl\/?product=flexme-suplement-wspomagajacy-stawy-opakowanie-60-kapsulek#primaryimage"},"image":{"@id":"https:\/\/ortesis.pl\/?product=flexme-suplement-wspomagajacy-stawy-opakowanie-60-kapsulek#primaryimage"},"thumbnailUrl":"https:\/\/ortesis.pl\/wp-content\/uploads\/2024\/12\/flex-me-suplement-wspomagajacy-stawy.webp","datePublished":"2024-12-14T20:22:12+00:00","dateModified":"2025-12-08T19:44:56+00:00","description":"Wspiera komfort staw\u00f3w i produkcj\u0119 kolagenu. Zawiera kolagen T2NDC\u00ae, Boswellia serrata, MSM i witamin\u0119 C.60 kapsu\u0142ek \u2013 30 dni stosowania.","breadcrumb":{"@id":"https:\/\/ortesis.pl\/?product=flexme-suplement-wspomagajacy-stawy-opakowanie-60-kapsulek#breadcrumb"},"inLanguage":"pl-PL","potentialAction":[{"@type":"ReadAction","target":["https:\/\/ortesis.pl\/?product=flexme-suplement-wspomagajacy-stawy-opakowanie-60-kapsulek"]}]},{"@type":"ImageObject","inLanguage":"pl-PL","@id":"https:\/\/ortesis.pl\/?product=flexme-suplement-wspomagajacy-stawy-opakowanie-60-kapsulek#primaryimage","url":"https:\/\/ortesis.pl\/wp-content\/uploads\/2024\/12\/flex-me-suplement-wspomagajacy-stawy.webp","contentUrl":"https:\/\/ortesis.pl\/wp-content\/uploads\/2024\/12\/flex-me-suplement-wspomagajacy-stawy.webp","width":1024,"height":1365,"caption":"flex me suplement-wspomagajacy stawy"},{"@type":"BreadcrumbList","@id":"https:\/\/ortesis.pl\/?product=flexme-suplement-wspomagajacy-stawy-opakowanie-60-kapsulek#breadcrumb","itemListElement":[{"@type":"ListItem","position":1,"name":"Strona g\u0142\u00f3wna","item":"https:\/\/ortesis.pl\/"},{"@type":"ListItem","position":2,"name":"Sklep","item":"https:\/\/ortesis.pl\/?page_id=977"},{"@type":"ListItem","position":3,"name":"Kolagen FlexMe 60 kapsu\u0142ek"}]},{"@type":"WebSite","@id":"https:\/\/ortesis.pl\/#website","url":"https:\/\/ortesis.pl\/","name":"ortesis.pl","description":"Sklep z zaopatrzeniem ortopedycznym, artyku\u0142ami medycznymi i suplementami","publisher":{"@id":"https:\/\/ortesis.pl\/#organization"},"potentialAction":[{"@type":"SearchAction","target":{"@type":"EntryPoint","urlTemplate":"https:\/\/ortesis.pl\/?s={search_term_string}"},"query-input":{"@type":"PropertyValueSpecification","valueRequired":true,"valueName":"search_term_string"}}],"inLanguage":"pl-PL"},{"@type":"Organization","@id":"https:\/\/ortesis.pl\/#organization","name":"ortesis.pl","url":"https:\/\/ortesis.pl\/","logo":{"@type":"ImageObject","inLanguage":"pl-PL","@id":"https:\/\/ortesis.pl\/#\/schema\/logo\/image\/","url":"https:\/\/ortesis.pl\/wp-content\/uploads\/2022\/08\/cropped-We-live-free.-1.png","contentUrl":"https:\/\/ortesis.pl\/wp-content\/uploads\/2022\/08\/cropped-We-live-free.-1.png","width":180,"height":60,"caption":"ortesis.pl"},"image":{"@id":"https:\/\/ortesis.pl\/#\/schema\/logo\/image\/"}}]}},"_links":{"self":[{"href":"https:\/\/ortesis.pl\/index.php?rest_route=\/wp\/v2\/product\/2025","targetHints":{"allow":["GET"]}}],"collection":[{"href":"https:\/\/ortesis.pl\/index.php?rest_route=\/wp\/v2\/product"}],"about":[{"href":"https:\/\/ortesis.pl\/index.php?rest_route=\/wp\/v2\/types\/product"}],"version-history":[{"count":4,"href":"https:\/\/ortesis.pl\/index.php?rest_route=\/wp\/v2\/product\/2025\/revisions"}],"predecessor-version":[{"id":2205,"href":"https:\/\/ortesis.pl\/index.php?rest_route=\/wp\/v2\/product\/2025\/revisions\/2205"}],"wp:featuredmedia":[{"embeddable":true,"href":"https:\/\/ortesis.pl\/index.php?rest_route=\/wp\/v2\/media\/2026"}],"wp:attachment":[{"href":"https:\/\/ortesis.pl\/index.php?rest_route=%2Fwp%2Fv2%2Fmedia&parent=2025"}],"wp:term":[{"taxonomy":"product_brand","embeddable":true,"href":"https:\/\/ortesis.pl\/index.php?rest_route=%2Fwp%2Fv2%2Fproduct_brand&post=2025"},{"taxonomy":"product_cat","embeddable":true,"href":"https:\/\/ortesis.pl\/index.php?rest_route=%2Fwp%2Fv2%2Fproduct_cat&post=2025"},{"taxonomy":"product_tag","embeddable":true,"href":"https:\/\/ortesis.pl\/index.php?rest_route=%2Fwp%2Fv2%2Fproduct_tag&post=2025"}],"curies":[{"name":"wp","href":"https:\/\/api.w.org\/{rel}","templated":true}]}}