{"id":2003,"date":"2024-12-09T21:52:06","date_gmt":"2024-12-09T20:52:06","guid":{"rendered":"https:\/\/ortesis.pl\/?post_type=product&#038;p=2003"},"modified":"2024-12-09T22:35:42","modified_gmt":"2024-12-09T21:35:42","slug":"wkladki-ortopedyczne-koslawosc-kolan-i-stop","status":"publish","type":"product","link":"https:\/\/ortesis.pl\/?product=wkladki-ortopedyczne-koslawosc-kolan-i-stop","title":{"rendered":"WK\u0141ADKI ORTOPEDYCZNE KO\u015aLAWO\u015a\u0106 KOLAN I ST\u00d3P"},"content":{"rendered":"<div dir=\"auto\"><strong>Wk\u0142adki ortopedyczne FootWave ko\u015blawo\u015b\u0107 st\u00f3p i kolan.<\/strong><\/div>\n<div dir=\"auto\"><\/div>\n<div dir=\"auto\">\n<table style=\"height: 308px;\" width=\"541\">\n<thead>\n<tr>\n<th style=\"text-align: left;\">Rozmiar wk\u0142adek<\/th>\n<th style=\"text-align: left;\">Rozmiar obuwia<\/th>\n<\/tr>\n<\/thead>\n<tbody>\n<tr>\n<td style=\"text-align: left;\">XS<\/td>\n<td>35 do 38<\/td>\n<\/tr>\n<tr>\n<td>S<\/td>\n<td>39 do 41<\/td>\n<\/tr>\n<tr>\n<td>M<\/td>\n<td>42 do 43<\/td>\n<\/tr>\n<tr>\n<td>L<\/td>\n<td>44 do 45<\/td>\n<\/tr>\n<tr>\n<td>XL<\/td>\n<td>46 do 48<\/td>\n<\/tr>\n<\/tbody>\n<\/table>\n<\/div>\n<div dir=\"auto\">Uwaga! Oferowane wk\u0142adki maj\u0105 konstrukcj\u0119 3\/4 d\u0142ugo\u015bci, co jest celowym rozwi\u0105zaniem zapewniaj\u0105cym ich prawid\u0142owe dzia\u0142anie. W naszym sklepie dost\u0119pne s\u0105 r\u00f3wnie\u017c modele o pe\u0142nej d\u0142ugo\u015bci, je\u015bli takie b\u0119d\u0105 bardziej odpowiednie do Twoich potrzeb.<\/div>\n<div dir=\"auto\"><\/div>\n<div dir=\"auto\"><strong>FootWave SUPI 3\/4<\/strong> to dynamiczne wk\u0142adki ortopedyczne przeznaczone dla os\u00f3b zmagaj\u0105cych si\u0119 z b\u00f3lem st\u00f3p (szczeg\u00f3lnie pi\u0119t), ko\u015blawo\u015bci\u0105 oraz umiarkowanym p\u0142askostopiem. Mog\u0105 by\u0107 r\u00f3wnie\u017c stosowane profilaktycznie, aby zapobiec tym dolegliwo\u015bciom. Idealnie sprawdzaj\u0105 si\u0119 w codziennym u\u017cytkowaniu, zar\u00f3wno w pracy, jak i w szkole.<\/div>\n<div dir=\"auto\"><\/div>\n<div dir=\"auto\"><strong>Ich kluczowe funkcje to:<\/strong><\/div>\n<ul>\n<li dir=\"auto\">stabilizacja prawid\u0142owego ustawienia st\u00f3p,<\/li>\n<li dir=\"auto\">odci\u0105\u017cenie \u0142uk\u00f3w podeszwowych,<\/li>\n<li dir=\"auto\">poprawa komfortu poruszania si\u0119,<\/li>\n<li dir=\"auto\">zmniejszenie uczucia zm\u0119czenia st\u00f3p.<\/li>\n<\/ul>\n<div dir=\"auto\"><strong>Zalecenia:<\/strong><\/div>\n<div dir=\"auto\">Przed u\u017cyciem zapoznaj si\u0119 z instrukcj\u0105 do\u0142\u0105czon\u0105 do opakowania lub skonsultuj si\u0119 z lekarzem b\u0105d\u017a farmaceut\u0105. Dzi\u0119ki odpowiedniemu dopasowaniu wk\u0142adek zapewnisz sobie optymalne wsparcie i komfort ka\u017cdego dnia.<\/div>\n<div dir=\"auto\"><\/div>\n<div dir=\"auto\">\n<div class=\"chat\" data-v-0fbfa4fe=\"\">\n<div class=\"chat-messages\" data-v-0fbfa4fe=\"\">\n<div class=\"ai\" data-v-8a2bb297=\"\" data-v-0fbfa4fe=\"\">\n<div class=\"container\" data-v-8a2bb297=\"\">\n<div>\n<p>Zaopatruj\u0105c si\u0119 we wk\u0142adki FootWave\u2122 SUPI 3\/4:<\/p>\n<p><strong>POCZUJ ULG\u0118 W B\u00d3LU ST\u00d3P, KOLAN, BIODER I PLEC\u00d3W<\/strong><br \/>\nIch innowacyjna konstrukcja zapewnia optymalny rozk\u0142ad nacisk\u00f3w na pod\u0142o\u017ce, skutecznie podtrzymuj\u0105c wysklepienie stopy. Dzi\u0119ki temu utrzymasz prawid\u0142ow\u0105 postaw\u0119 cia\u0142a i zredukujesz przeci\u0105\u017cenia.<\/p>\n<p><strong>ZAPEWNISZ AMORTYZACJ\u0118 TY\u0141OSTOPIA<\/strong><br \/>\nPodw\u00f3jny amortyzator kierunkowy ty\u0142ostopia skutecznie absorbuje wstrz\u0105sy, co zmniejsza b\u00f3l pi\u0119ty.<\/p>\n<p><strong>ZAPEWNISZ WYR\u00d3WNANIE OSI KO\u0143CZYN DOLNYCH<\/strong><br \/>\nWk\u0142adki FootWave SUPI 3\/4 oferuj\u0105 stopom naturalne wsparcie i stabilizacj\u0119, przywracaj\u0105c im prawid\u0142owy kszta\u0142t oraz zakres ruch\u00f3w.<\/p>\n<p><strong>ZAPEWNIAJ KOMFORT PORUSZANIA SI\u0118<\/strong><br \/>\nMi\u0119kki materia\u0142 wy\u015bci\u00f3\u0142ki zapobiega obtarciom i sprawia, \u017ce wk\u0142adki s\u0105 niezwykle wygodne. Dzi\u0119ki wsparciu Twoje stopy b\u0119d\u0105 mniej zm\u0119czone, co uczyni chodzenie l\u017cejszym i przyjemniejszym.<\/p>\n<\/div>\n<\/div>\n<\/div>\n<\/div>\n<\/div>\n<\/div>\n","protected":false},"excerpt":{"rendered":"<p><strong>Wskazania : <\/strong>ko\u015blawo\u015b\u0107 kolan, ko\u015blawo\u015b\u0107 st\u00f3p, p\u0142askostopie<\/p>\n","protected":false},"featured_media":2009,"template":"","meta":{"site-sidebar-layout":"default","site-content-layout":"default","ast-site-content-layout":"default","site-content-style":"default","site-sidebar-style":"default","ast-global-header-display":"","ast-banner-title-visibility":"","ast-main-header-display":"","ast-hfb-above-header-display":"","ast-hfb-below-header-display":"","ast-hfb-mobile-header-display":"","site-post-title":"","ast-breadcrumbs-content":"","ast-featured-img":"","footer-sml-layout":"","ast-disable-related-posts":"","theme-transparent-header-meta":"default","adv-header-id-meta":"","stick-header-meta":"","header-above-stick-meta":"","header-main-stick-meta":"","header-below-stick-meta":"","astra-migrate-meta-layouts":"set","ast-page-background-enabled":"default","ast-page-background-meta":{"desktop":{"background-color":"var(--ast-global-color-4)","background-image":"","background-repeat":"repeat","background-position":"center center","background-size":"auto","background-attachment":"scroll","background-type":"","background-media":"","overlay-type":"","overlay-color":"","overlay-opacity":"","overlay-gradient":""},"tablet":{"background-color":"","background-image":"","background-repeat":"repeat","background-position":"center center","background-size":"auto","background-attachment":"scroll","background-type":"","background-media":"","overlay-type":"","overlay-color":"","overlay-opacity":"","overlay-gradient":""},"mobile":{"background-color":"","background-image":"","background-repeat":"repeat","background-position":"center center","background-size":"auto","background-attachment":"scroll","background-type":"","background-media":"","overlay-type":"","overlay-color":"","overlay-opacity":"","overlay-gradient":""}},"ast-content-background-meta":{"desktop":{"background-color":"var(--ast-global-color-5)","background-image":"","background-repeat":"repeat","background-position":"center center","background-size":"auto","background-attachment":"scroll","background-type":"","background-media":"","overlay-type":"","overlay-color":"","overlay-opacity":"","overlay-gradient":""},"tablet":{"background-color":"var(--ast-global-color-5)","background-image":"","background-repeat":"repeat","background-position":"center center","background-size":"auto","background-attachment":"scroll","background-type":"","background-media":"","overlay-type":"","overlay-color":"","overlay-opacity":"","overlay-gradient":""},"mobile":{"background-color":"var(--ast-global-color-5)","background-image":"","background-repeat":"repeat","background-position":"center center","background-size":"auto","background-attachment":"scroll","background-type":"","background-media":"","overlay-type":"","overlay-color":"","overlay-opacity":"","overlay-gradient":""}}},"product_brand":[],"product_cat":[55,42],"product_tag":[67],"class_list":{"0":"post-2003","1":"product","2":"type-product","3":"status-publish","4":"has-post-thumbnail","6":"product_cat-plaskostopie","7":"product_cat-wkladki","8":"product_tag-koslawosc-kolan","9":"desktop-align-center","10":"tablet-align-left","11":"mobile-align-left","13":"first","14":"instock","15":"sale","16":"taxable","17":"shipping-taxable","18":"purchasable","19":"product-type-variable","20":"has-default-attributes"},"yoast_head":"<!-- This site is optimized with the Yoast SEO plugin v27.4 - https:\/\/yoast.com\/product\/yoast-seo-wordpress\/ -->\n<title>WK\u0141ADKI ORTOPEDYCZNE KO\u015aLAWO\u015a\u0106 KOLAN I ST\u00d3P - ortesis.pl<\/title>\n<meta name=\"robots\" content=\"index, follow, max-snippet:-1, max-image-preview:large, max-video-preview:-1\" \/>\n<link rel=\"canonical\" href=\"https:\/\/ortesis.pl\/?product=wkladki-ortopedyczne-koslawosc-kolan-i-stop\" \/>\n<meta property=\"og:locale\" content=\"pl_PL\" \/>\n<meta property=\"og:type\" content=\"article\" \/>\n<meta property=\"og:title\" content=\"WK\u0141ADKI ORTOPEDYCZNE KO\u015aLAWO\u015a\u0106 KOLAN I ST\u00d3P - ortesis.pl\" \/>\n<meta property=\"og:description\" content=\"Wskazania : ko\u015blawo\u015b\u0107 kolan, ko\u015blawo\u015b\u0107 st\u00f3p, p\u0142askostopie\" \/>\n<meta property=\"og:url\" content=\"https:\/\/ortesis.pl\/?product=wkladki-ortopedyczne-koslawosc-kolan-i-stop\" \/>\n<meta property=\"og:site_name\" content=\"ortesis.pl\" \/>\n<meta property=\"article:modified_time\" content=\"2024-12-09T21:35:42+00:00\" \/>\n<meta property=\"og:image\" content=\"https:\/\/ortesis.pl\/wp-content\/uploads\/2024\/12\/koslawosc-stop-kolan-wkladki.webp\" \/>\n\t<meta property=\"og:image:width\" content=\"700\" \/>\n\t<meta property=\"og:image:height\" content=\"700\" \/>\n\t<meta property=\"og:image:type\" content=\"image\/webp\" \/>\n<meta name=\"twitter:card\" content=\"summary_large_image\" \/>\n<meta name=\"twitter:label1\" content=\"Szacowany czas czytania\" \/>\n\t<meta name=\"twitter:data1\" content=\"2 minuty\" \/>\n<script type=\"application\/ld+json\" class=\"yoast-schema-graph\">{\"@context\":\"https:\\\/\\\/schema.org\",\"@graph\":[{\"@type\":\"WebPage\",\"@id\":\"https:\\\/\\\/ortesis.pl\\\/?product=wkladki-ortopedyczne-koslawosc-kolan-i-stop\",\"url\":\"https:\\\/\\\/ortesis.pl\\\/?product=wkladki-ortopedyczne-koslawosc-kolan-i-stop\",\"name\":\"WK\u0141ADKI ORTOPEDYCZNE KO\u015aLAWO\u015a\u0106 KOLAN I ST\u00d3P - ortesis.pl\",\"isPartOf\":{\"@id\":\"https:\\\/\\\/ortesis.pl\\\/#website\"},\"primaryImageOfPage\":{\"@id\":\"https:\\\/\\\/ortesis.pl\\\/?product=wkladki-ortopedyczne-koslawosc-kolan-i-stop#primaryimage\"},\"image\":{\"@id\":\"https:\\\/\\\/ortesis.pl\\\/?product=wkladki-ortopedyczne-koslawosc-kolan-i-stop#primaryimage\"},\"thumbnailUrl\":\"https:\\\/\\\/ortesis.pl\\\/wp-content\\\/uploads\\\/2024\\\/12\\\/koslawosc-stop-kolan-wkladki.webp\",\"datePublished\":\"2024-12-09T20:52:06+00:00\",\"dateModified\":\"2024-12-09T21:35:42+00:00\",\"breadcrumb\":{\"@id\":\"https:\\\/\\\/ortesis.pl\\\/?product=wkladki-ortopedyczne-koslawosc-kolan-i-stop#breadcrumb\"},\"inLanguage\":\"pl-PL\",\"potentialAction\":[{\"@type\":\"ReadAction\",\"target\":[\"https:\\\/\\\/ortesis.pl\\\/?product=wkladki-ortopedyczne-koslawosc-kolan-i-stop\"]}]},{\"@type\":\"ImageObject\",\"inLanguage\":\"pl-PL\",\"@id\":\"https:\\\/\\\/ortesis.pl\\\/?product=wkladki-ortopedyczne-koslawosc-kolan-i-stop#primaryimage\",\"url\":\"https:\\\/\\\/ortesis.pl\\\/wp-content\\\/uploads\\\/2024\\\/12\\\/koslawosc-stop-kolan-wkladki.webp\",\"contentUrl\":\"https:\\\/\\\/ortesis.pl\\\/wp-content\\\/uploads\\\/2024\\\/12\\\/koslawosc-stop-kolan-wkladki.webp\",\"width\":700,\"height\":700,\"caption\":\"Wk\u0142adki ko\u015blawo\u015b\u0107 st\u00f3p i kolan\"},{\"@type\":\"BreadcrumbList\",\"@id\":\"https:\\\/\\\/ortesis.pl\\\/?product=wkladki-ortopedyczne-koslawosc-kolan-i-stop#breadcrumb\",\"itemListElement\":[{\"@type\":\"ListItem\",\"position\":1,\"name\":\"Strona g\u0142\u00f3wna\",\"item\":\"https:\\\/\\\/ortesis.pl\\\/\"},{\"@type\":\"ListItem\",\"position\":2,\"name\":\"Sklep\",\"item\":\"https:\\\/\\\/ortesis.pl\\\/?page_id=977\"},{\"@type\":\"ListItem\",\"position\":3,\"name\":\"WK\u0141ADKI ORTOPEDYCZNE KO\u015aLAWO\u015a\u0106 KOLAN I ST\u00d3P\"}]},{\"@type\":\"WebSite\",\"@id\":\"https:\\\/\\\/ortesis.pl\\\/#website\",\"url\":\"https:\\\/\\\/ortesis.pl\\\/\",\"name\":\"ortesis.pl\",\"description\":\"Sklep z zaopatrzeniem ortopedycznym, artyku\u0142ami medycznymi i suplementami\",\"publisher\":{\"@id\":\"https:\\\/\\\/ortesis.pl\\\/#organization\"},\"potentialAction\":[{\"@type\":\"SearchAction\",\"target\":{\"@type\":\"EntryPoint\",\"urlTemplate\":\"https:\\\/\\\/ortesis.pl\\\/?s={search_term_string}\"},\"query-input\":{\"@type\":\"PropertyValueSpecification\",\"valueRequired\":true,\"valueName\":\"search_term_string\"}}],\"inLanguage\":\"pl-PL\"},{\"@type\":\"Organization\",\"@id\":\"https:\\\/\\\/ortesis.pl\\\/#organization\",\"name\":\"ortesis.pl\",\"url\":\"https:\\\/\\\/ortesis.pl\\\/\",\"logo\":{\"@type\":\"ImageObject\",\"inLanguage\":\"pl-PL\",\"@id\":\"https:\\\/\\\/ortesis.pl\\\/#\\\/schema\\\/logo\\\/image\\\/\",\"url\":\"https:\\\/\\\/ortesis.pl\\\/wp-content\\\/uploads\\\/2022\\\/08\\\/cropped-We-live-free.-1.png\",\"contentUrl\":\"https:\\\/\\\/ortesis.pl\\\/wp-content\\\/uploads\\\/2022\\\/08\\\/cropped-We-live-free.-1.png\",\"width\":180,\"height\":60,\"caption\":\"ortesis.pl\"},\"image\":{\"@id\":\"https:\\\/\\\/ortesis.pl\\\/#\\\/schema\\\/logo\\\/image\\\/\"}}]}<\/script>\n<!-- \/ Yoast SEO plugin. -->","yoast_head_json":{"title":"WK\u0141ADKI ORTOPEDYCZNE KO\u015aLAWO\u015a\u0106 KOLAN I ST\u00d3P - ortesis.pl","robots":{"index":"index","follow":"follow","max-snippet":"max-snippet:-1","max-image-preview":"max-image-preview:large","max-video-preview":"max-video-preview:-1"},"canonical":"https:\/\/ortesis.pl\/?product=wkladki-ortopedyczne-koslawosc-kolan-i-stop","og_locale":"pl_PL","og_type":"article","og_title":"WK\u0141ADKI ORTOPEDYCZNE KO\u015aLAWO\u015a\u0106 KOLAN I ST\u00d3P - ortesis.pl","og_description":"Wskazania : ko\u015blawo\u015b\u0107 kolan, ko\u015blawo\u015b\u0107 st\u00f3p, p\u0142askostopie","og_url":"https:\/\/ortesis.pl\/?product=wkladki-ortopedyczne-koslawosc-kolan-i-stop","og_site_name":"ortesis.pl","article_modified_time":"2024-12-09T21:35:42+00:00","og_image":[{"width":700,"height":700,"url":"https:\/\/ortesis.pl\/wp-content\/uploads\/2024\/12\/koslawosc-stop-kolan-wkladki.webp","type":"image\/webp"}],"twitter_card":"summary_large_image","twitter_misc":{"Szacowany czas czytania":"2 minuty"},"schema":{"@context":"https:\/\/schema.org","@graph":[{"@type":"WebPage","@id":"https:\/\/ortesis.pl\/?product=wkladki-ortopedyczne-koslawosc-kolan-i-stop","url":"https:\/\/ortesis.pl\/?product=wkladki-ortopedyczne-koslawosc-kolan-i-stop","name":"WK\u0141ADKI ORTOPEDYCZNE KO\u015aLAWO\u015a\u0106 KOLAN I ST\u00d3P - ortesis.pl","isPartOf":{"@id":"https:\/\/ortesis.pl\/#website"},"primaryImageOfPage":{"@id":"https:\/\/ortesis.pl\/?product=wkladki-ortopedyczne-koslawosc-kolan-i-stop#primaryimage"},"image":{"@id":"https:\/\/ortesis.pl\/?product=wkladki-ortopedyczne-koslawosc-kolan-i-stop#primaryimage"},"thumbnailUrl":"https:\/\/ortesis.pl\/wp-content\/uploads\/2024\/12\/koslawosc-stop-kolan-wkladki.webp","datePublished":"2024-12-09T20:52:06+00:00","dateModified":"2024-12-09T21:35:42+00:00","breadcrumb":{"@id":"https:\/\/ortesis.pl\/?product=wkladki-ortopedyczne-koslawosc-kolan-i-stop#breadcrumb"},"inLanguage":"pl-PL","potentialAction":[{"@type":"ReadAction","target":["https:\/\/ortesis.pl\/?product=wkladki-ortopedyczne-koslawosc-kolan-i-stop"]}]},{"@type":"ImageObject","inLanguage":"pl-PL","@id":"https:\/\/ortesis.pl\/?product=wkladki-ortopedyczne-koslawosc-kolan-i-stop#primaryimage","url":"https:\/\/ortesis.pl\/wp-content\/uploads\/2024\/12\/koslawosc-stop-kolan-wkladki.webp","contentUrl":"https:\/\/ortesis.pl\/wp-content\/uploads\/2024\/12\/koslawosc-stop-kolan-wkladki.webp","width":700,"height":700,"caption":"Wk\u0142adki ko\u015blawo\u015b\u0107 st\u00f3p i kolan"},{"@type":"BreadcrumbList","@id":"https:\/\/ortesis.pl\/?product=wkladki-ortopedyczne-koslawosc-kolan-i-stop#breadcrumb","itemListElement":[{"@type":"ListItem","position":1,"name":"Strona g\u0142\u00f3wna","item":"https:\/\/ortesis.pl\/"},{"@type":"ListItem","position":2,"name":"Sklep","item":"https:\/\/ortesis.pl\/?page_id=977"},{"@type":"ListItem","position":3,"name":"WK\u0141ADKI ORTOPEDYCZNE KO\u015aLAWO\u015a\u0106 KOLAN I ST\u00d3P"}]},{"@type":"WebSite","@id":"https:\/\/ortesis.pl\/#website","url":"https:\/\/ortesis.pl\/","name":"ortesis.pl","description":"Sklep z zaopatrzeniem ortopedycznym, artyku\u0142ami medycznymi i suplementami","publisher":{"@id":"https:\/\/ortesis.pl\/#organization"},"potentialAction":[{"@type":"SearchAction","target":{"@type":"EntryPoint","urlTemplate":"https:\/\/ortesis.pl\/?s={search_term_string}"},"query-input":{"@type":"PropertyValueSpecification","valueRequired":true,"valueName":"search_term_string"}}],"inLanguage":"pl-PL"},{"@type":"Organization","@id":"https:\/\/ortesis.pl\/#organization","name":"ortesis.pl","url":"https:\/\/ortesis.pl\/","logo":{"@type":"ImageObject","inLanguage":"pl-PL","@id":"https:\/\/ortesis.pl\/#\/schema\/logo\/image\/","url":"https:\/\/ortesis.pl\/wp-content\/uploads\/2022\/08\/cropped-We-live-free.-1.png","contentUrl":"https:\/\/ortesis.pl\/wp-content\/uploads\/2022\/08\/cropped-We-live-free.-1.png","width":180,"height":60,"caption":"ortesis.pl"},"image":{"@id":"https:\/\/ortesis.pl\/#\/schema\/logo\/image\/"}}]}},"_links":{"self":[{"href":"https:\/\/ortesis.pl\/index.php?rest_route=\/wp\/v2\/product\/2003","targetHints":{"allow":["GET"]}}],"collection":[{"href":"https:\/\/ortesis.pl\/index.php?rest_route=\/wp\/v2\/product"}],"about":[{"href":"https:\/\/ortesis.pl\/index.php?rest_route=\/wp\/v2\/types\/product"}],"version-history":[{"count":1,"href":"https:\/\/ortesis.pl\/index.php?rest_route=\/wp\/v2\/product\/2003\/revisions"}],"predecessor-version":[{"id":2013,"href":"https:\/\/ortesis.pl\/index.php?rest_route=\/wp\/v2\/product\/2003\/revisions\/2013"}],"wp:featuredmedia":[{"embeddable":true,"href":"https:\/\/ortesis.pl\/index.php?rest_route=\/wp\/v2\/media\/2009"}],"wp:attachment":[{"href":"https:\/\/ortesis.pl\/index.php?rest_route=%2Fwp%2Fv2%2Fmedia&parent=2003"}],"wp:term":[{"taxonomy":"product_brand","embeddable":true,"href":"https:\/\/ortesis.pl\/index.php?rest_route=%2Fwp%2Fv2%2Fproduct_brand&post=2003"},{"taxonomy":"product_cat","embeddable":true,"href":"https:\/\/ortesis.pl\/index.php?rest_route=%2Fwp%2Fv2%2Fproduct_cat&post=2003"},{"taxonomy":"product_tag","embeddable":true,"href":"https:\/\/ortesis.pl\/index.php?rest_route=%2Fwp%2Fv2%2Fproduct_tag&post=2003"}],"curies":[{"name":"wp","href":"https:\/\/api.w.org\/{rel}","templated":true}]}}