{"id":1995,"date":"2024-12-06T13:44:07","date_gmt":"2024-12-06T12:44:07","guid":{"rendered":"https:\/\/ortesis.pl\/?post_type=product&#038;p=1995"},"modified":"2026-04-06T20:13:25","modified_gmt":"2026-04-06T18:13:25","slug":"rotoxal-120-kapsulek-suplement-na-stawy","status":"publish","type":"product","link":"https:\/\/ortesis.pl\/?product=rotoxal-120-kapsulek-suplement-na-stawy","title":{"rendered":"Rotoxal 120 kapsu\u0142ek"},"content":{"rendered":"<p><strong>Splement na stawy Rotoxal \u2013 Utrzymaj Zdrowe Stawy i Ko\u015bci<\/strong><\/p>\n<p>Suplement na stawy Rotoxal to doskona\u0142y wyb\u00f3r dla os\u00f3b doros\u0142ych pragn\u0105cych wzbogaci\u0107 swoj\u0105 codzienn\u0105 diet\u0119 o sk\u0142adniki wspieraj\u0105ce zdrowie staw\u00f3w i ko\u015bci. Nasz preparat zawiera glukozamin\u0119 i chondroityn\u0119, kt\u00f3re s\u0105 kluczowe dla prawid\u0142owej regeneracji tkanek stawowych oraz redukcji dolegliwo\u015bci b\u00f3lowych zwi\u0105zanych z ich zu\u017cyciem.<\/p>\n<p>Dodatkowo, w sk\u0142adzie Rotoxal znajdziesz MSM (organiczny zwi\u0105zek siarki), kt\u00f3ry wspomaga produkcj\u0119 kolagenu, a tak\u017ce bor i mangan, kt\u00f3re przyczyniaj\u0105 si\u0119 do utrzymania zdrowych ko\u015bci oraz wspieraj\u0105 prawid\u0142owe tworzenie tkanek \u0142\u0105cznych.<\/p>\n<p>Nie zapominajmy o witaminach K i D: witamina D jest niezwykle wa\u017cna dla zdrowia ko\u015bci oraz w\u0142a\u015bciwego funkcjonowania mi\u0119\u015bni, natomiast witamina K odgrywa kluczow\u0105 rol\u0119 w prawid\u0142owym krzepni\u0119ciu krwi i wspiera mineralizacj\u0119 ko\u015bci.<\/p>\n<p>Zainwestuj w swoje zdrowie i wybierz suplement na stawy Rotoxal \u2013 kompleksowe wsparcie dla Twojego organizmu<\/p>\n<p><strong>Sk\u0142ad<\/strong>:<br \/>\nSiarczan glukozaminy 2KCl (ze skorupiak\u00f3w) metylosulfonylometan (MSM), siarczan chondroityny s\u00f3l<br \/>\nsodowa (z ryb, ze skorupiak\u00f3w); kapsu\u0142ka (\u017celatyna); substancje przeciwzbrylaj\u0105ce: sole magnezowe<br \/>\nkwas\u00f3w t\u0142uszczowych, dwutlenek krzemu; substancje wype\u0142niaj\u0105ca: celuloza; boran sodu;<br \/>\ncholekalcyferol (witamina D); menachinon (witamina K); siarczan manganu<\/p>\n<table border=\"0\" cellspacing=\"0\">\n<tbody>\n<tr>\n<td align=\"left\" height=\"29\"><b>Sk\u0142adnik<\/b><\/td>\n<td align=\"center\"><b>4 kapsu\u0142ki (%RWS*)<\/b><\/td>\n<\/tr>\n<tr>\n<td align=\"left\" height=\"29\">Siarczan glukozaminy<\/td>\n<td align=\"center\">1000 mg<\/td>\n<\/tr>\n<tr>\n<td align=\"left\" height=\"29\">Metylosulfonylometan (MSM)<\/td>\n<td align=\"center\">800 mg<\/td>\n<\/tr>\n<tr>\n<td align=\"left\" height=\"29\">Siarczan chondroityny<\/td>\n<td align=\"center\">600 mg<\/td>\n<\/tr>\n<tr>\n<td align=\"left\" height=\"29\">Bor<\/td>\n<td align=\"center\">3 mg<\/td>\n<\/tr>\n<tr>\n<td align=\"left\" height=\"29\">Mangan<\/td>\n<td align=\"center\">1,8 mg (90%)<\/td>\n<\/tr>\n<tr>\n<td align=\"left\" height=\"29\">Witamina K<\/td>\n<td align=\"center\">75 mcg (100%)<\/td>\n<\/tr>\n<tr>\n<td align=\"left\" height=\"29\">Witamina D<\/td>\n<td align=\"center\">25 mcg (500%)<\/td>\n<\/tr>\n<\/tbody>\n<\/table>\n<p><strong>Spo\u017cycie<\/strong>: 4 kapsu\u0142ki dziennie (2 rano i 2 wieczorem) . Spo\u017cywa\u0107 podczas posi\u0142ku, popijaj\u0105c wod\u0105.<\/p>\n","protected":false},"excerpt":{"rendered":"<p><strong>Rotoxal 120 kapsu\u0142ek<\/strong> to suplement diety uzupe\u0142niaj\u0105cy codzienn\u0105 diet\u0119 os\u00f3b doros\u0142ych w sk\u0142adniki przyczyniaj\u0105ce<br \/>\nsi\u0119 do utrzymania zdrowych staw\u00f3w i ko\u015bci. W swoim sk\u0142adzie zawiera glukozamin\u0119, chondroityn\u0119,<br \/>\nMSM (organiczny zwi\u0105zek siarki), bor, mangan, jak r\u00f3wnie\u017c witaminy K+D.<\/p>\n","protected":false},"featured_media":2590,"template":"","meta":{"site-sidebar-layout":"default","site-content-layout":"","ast-site-content-layout":"default","site-content-style":"default","site-sidebar-style":"default","ast-global-header-display":"","ast-banner-title-visibility":"","ast-main-header-display":"","ast-hfb-above-header-display":"","ast-hfb-below-header-display":"","ast-hfb-mobile-header-display":"","site-post-title":"","ast-breadcrumbs-content":"","ast-featured-img":"","footer-sml-layout":"","ast-disable-related-posts":"","theme-transparent-header-meta":"default","adv-header-id-meta":"","stick-header-meta":"","header-above-stick-meta":"","header-main-stick-meta":"","header-below-stick-meta":"","astra-migrate-meta-layouts":"set","ast-page-background-enabled":"default","ast-page-background-meta":{"desktop":{"background-color":"var(--ast-global-color-4)","background-image":"","background-repeat":"repeat","background-position":"center center","background-size":"auto","background-attachment":"scroll","background-type":"","background-media":"","overlay-type":"","overlay-color":"","overlay-opacity":"","overlay-gradient":""},"tablet":{"background-color":"","background-image":"","background-repeat":"repeat","background-position":"center center","background-size":"auto","background-attachment":"scroll","background-type":"","background-media":"","overlay-type":"","overlay-color":"","overlay-opacity":"","overlay-gradient":""},"mobile":{"background-color":"","background-image":"","background-repeat":"repeat","background-position":"center center","background-size":"auto","background-attachment":"scroll","background-type":"","background-media":"","overlay-type":"","overlay-color":"","overlay-opacity":"","overlay-gradient":""}},"ast-content-background-meta":{"desktop":{"background-color":"var(--ast-global-color-5)","background-image":"","background-repeat":"repeat","background-position":"center center","background-size":"auto","background-attachment":"scroll","background-type":"","background-media":"","overlay-type":"","overlay-color":"","overlay-opacity":"","overlay-gradient":""},"tablet":{"background-color":"var(--ast-global-color-5)","background-image":"","background-repeat":"repeat","background-position":"center center","background-size":"auto","background-attachment":"scroll","background-type":"","background-media":"","overlay-type":"","overlay-color":"","overlay-opacity":"","overlay-gradient":""},"mobile":{"background-color":"var(--ast-global-color-5)","background-image":"","background-repeat":"repeat","background-position":"center center","background-size":"auto","background-attachment":"scroll","background-type":"","background-media":"","overlay-type":"","overlay-color":"","overlay-opacity":"","overlay-gradient":""}}},"product_brand":[101],"product_cat":[100,87],"product_tag":[88],"class_list":{"0":"post-1995","1":"product","2":"type-product","3":"status-publish","4":"has-post-thumbnail","6":"product_brand-biovena","7":"product_cat-siarczan-chondroityny","8":"product_cat-suplementy-na-stawy","9":"product_tag-suplement-na-stawy","10":"desktop-align-center","11":"tablet-align-left","12":"mobile-align-left","14":"first","15":"instock","16":"taxable","17":"shipping-taxable","18":"purchasable","19":"product-type-simple"},"yoast_head":"<!-- This site is optimized with the Yoast SEO plugin v27.4 - https:\/\/yoast.com\/product\/yoast-seo-wordpress\/ -->\n<title>Rotoxal 120 kapsu\u0142ek - ortesis.pl<\/title>\n<meta name=\"description\" content=\"Rotoxal to suplement diety uzupe\u0142niaj\u0105cy codzienn\u0105 diet\u0119 os\u00f3b doros\u0142ych w sk\u0142adniki przyczyniaj\u0105cesi\u0119 do utrzymania zdrowych staw\u00f3w i ko\u015bci. W swoim sk\u0142adzie zawiera glukozamin\u0119, chondroityn\u0119,MSM (organiczny zwi\u0105zek siarki), bor, mangan, jak r\u00f3wnie\u017c witaminy K+D.\" \/>\n<meta name=\"robots\" content=\"index, follow, max-snippet:-1, max-image-preview:large, max-video-preview:-1\" \/>\n<link rel=\"canonical\" href=\"https:\/\/ortesis.pl\/?product=rotoxal-120-kapsulek-suplement-na-stawy\" \/>\n<meta property=\"og:locale\" content=\"pl_PL\" \/>\n<meta property=\"og:type\" content=\"article\" \/>\n<meta property=\"og:title\" content=\"Rotoxal 120 kapsu\u0142ek - ortesis.pl\" \/>\n<meta property=\"og:description\" content=\"Rotoxal to suplement diety uzupe\u0142niaj\u0105cy codzienn\u0105 diet\u0119 os\u00f3b doros\u0142ych w sk\u0142adniki przyczyniaj\u0105cesi\u0119 do utrzymania zdrowych staw\u00f3w i ko\u015bci. W swoim sk\u0142adzie zawiera glukozamin\u0119, chondroityn\u0119,MSM (organiczny zwi\u0105zek siarki), bor, mangan, jak r\u00f3wnie\u017c witaminy K+D.\" \/>\n<meta property=\"og:url\" content=\"https:\/\/ortesis.pl\/?product=rotoxal-120-kapsulek-suplement-na-stawy\" \/>\n<meta property=\"og:site_name\" content=\"ortesis.pl\" \/>\n<meta property=\"article:modified_time\" content=\"2026-04-06T18:13:25+00:00\" \/>\n<meta property=\"og:image\" content=\"https:\/\/ortesis.pl\/wp-content\/uploads\/2024\/12\/rotoxal-120-kapsulek-e1775499198924.webp\" \/>\n\t<meta property=\"og:image:width\" content=\"810\" \/>\n\t<meta property=\"og:image:height\" content=\"810\" \/>\n\t<meta property=\"og:image:type\" content=\"image\/webp\" \/>\n<meta name=\"twitter:card\" content=\"summary_large_image\" \/>\n<meta name=\"twitter:label1\" content=\"Szacowany czas czytania\" \/>\n\t<meta name=\"twitter:data1\" content=\"2 minuty\" \/>\n<script type=\"application\/ld+json\" class=\"yoast-schema-graph\">{\"@context\":\"https:\\\/\\\/schema.org\",\"@graph\":[{\"@type\":\"WebPage\",\"@id\":\"https:\\\/\\\/ortesis.pl\\\/?product=rotoxal-120-kapsulek-suplement-na-stawy\",\"url\":\"https:\\\/\\\/ortesis.pl\\\/?product=rotoxal-120-kapsulek-suplement-na-stawy\",\"name\":\"Rotoxal 120 kapsu\u0142ek - ortesis.pl\",\"isPartOf\":{\"@id\":\"https:\\\/\\\/ortesis.pl\\\/#website\"},\"primaryImageOfPage\":{\"@id\":\"https:\\\/\\\/ortesis.pl\\\/?product=rotoxal-120-kapsulek-suplement-na-stawy#primaryimage\"},\"image\":{\"@id\":\"https:\\\/\\\/ortesis.pl\\\/?product=rotoxal-120-kapsulek-suplement-na-stawy#primaryimage\"},\"thumbnailUrl\":\"https:\\\/\\\/ortesis.pl\\\/wp-content\\\/uploads\\\/2024\\\/12\\\/rotoxal-120-kapsulek-e1775499198924.webp\",\"datePublished\":\"2024-12-06T12:44:07+00:00\",\"dateModified\":\"2026-04-06T18:13:25+00:00\",\"description\":\"Rotoxal to suplement diety uzupe\u0142niaj\u0105cy codzienn\u0105 diet\u0119 os\u00f3b doros\u0142ych w sk\u0142adniki przyczyniaj\u0105cesi\u0119 do utrzymania zdrowych staw\u00f3w i ko\u015bci. W swoim sk\u0142adzie zawiera glukozamin\u0119, chondroityn\u0119,MSM (organiczny zwi\u0105zek siarki), bor, mangan, jak r\u00f3wnie\u017c witaminy K+D.\",\"breadcrumb\":{\"@id\":\"https:\\\/\\\/ortesis.pl\\\/?product=rotoxal-120-kapsulek-suplement-na-stawy#breadcrumb\"},\"inLanguage\":\"pl-PL\",\"potentialAction\":[{\"@type\":\"ReadAction\",\"target\":[\"https:\\\/\\\/ortesis.pl\\\/?product=rotoxal-120-kapsulek-suplement-na-stawy\"]}]},{\"@type\":\"ImageObject\",\"inLanguage\":\"pl-PL\",\"@id\":\"https:\\\/\\\/ortesis.pl\\\/?product=rotoxal-120-kapsulek-suplement-na-stawy#primaryimage\",\"url\":\"https:\\\/\\\/ortesis.pl\\\/wp-content\\\/uploads\\\/2024\\\/12\\\/rotoxal-120-kapsulek-e1775499198924.webp\",\"contentUrl\":\"https:\\\/\\\/ortesis.pl\\\/wp-content\\\/uploads\\\/2024\\\/12\\\/rotoxal-120-kapsulek-e1775499198924.webp\",\"width\":810,\"height\":810,\"caption\":\"rotoxal 120 kapsu\u0142ek\"},{\"@type\":\"BreadcrumbList\",\"@id\":\"https:\\\/\\\/ortesis.pl\\\/?product=rotoxal-120-kapsulek-suplement-na-stawy#breadcrumb\",\"itemListElement\":[{\"@type\":\"ListItem\",\"position\":1,\"name\":\"Strona g\u0142\u00f3wna\",\"item\":\"https:\\\/\\\/ortesis.pl\\\/\"},{\"@type\":\"ListItem\",\"position\":2,\"name\":\"Sklep\",\"item\":\"https:\\\/\\\/ortesis.pl\\\/?page_id=977\"},{\"@type\":\"ListItem\",\"position\":3,\"name\":\"Rotoxal 120 kapsu\u0142ek\"}]},{\"@type\":\"WebSite\",\"@id\":\"https:\\\/\\\/ortesis.pl\\\/#website\",\"url\":\"https:\\\/\\\/ortesis.pl\\\/\",\"name\":\"ortesis.pl\",\"description\":\"Sklep z zaopatrzeniem ortopedycznym, artyku\u0142ami medycznymi i suplementami\",\"publisher\":{\"@id\":\"https:\\\/\\\/ortesis.pl\\\/#organization\"},\"potentialAction\":[{\"@type\":\"SearchAction\",\"target\":{\"@type\":\"EntryPoint\",\"urlTemplate\":\"https:\\\/\\\/ortesis.pl\\\/?s={search_term_string}\"},\"query-input\":{\"@type\":\"PropertyValueSpecification\",\"valueRequired\":true,\"valueName\":\"search_term_string\"}}],\"inLanguage\":\"pl-PL\"},{\"@type\":\"Organization\",\"@id\":\"https:\\\/\\\/ortesis.pl\\\/#organization\",\"name\":\"ortesis.pl\",\"url\":\"https:\\\/\\\/ortesis.pl\\\/\",\"logo\":{\"@type\":\"ImageObject\",\"inLanguage\":\"pl-PL\",\"@id\":\"https:\\\/\\\/ortesis.pl\\\/#\\\/schema\\\/logo\\\/image\\\/\",\"url\":\"https:\\\/\\\/ortesis.pl\\\/wp-content\\\/uploads\\\/2022\\\/08\\\/cropped-We-live-free.-1.png\",\"contentUrl\":\"https:\\\/\\\/ortesis.pl\\\/wp-content\\\/uploads\\\/2022\\\/08\\\/cropped-We-live-free.-1.png\",\"width\":180,\"height\":60,\"caption\":\"ortesis.pl\"},\"image\":{\"@id\":\"https:\\\/\\\/ortesis.pl\\\/#\\\/schema\\\/logo\\\/image\\\/\"}}]}<\/script>\n<!-- \/ Yoast SEO plugin. -->","yoast_head_json":{"title":"Rotoxal 120 kapsu\u0142ek - ortesis.pl","description":"Rotoxal to suplement diety uzupe\u0142niaj\u0105cy codzienn\u0105 diet\u0119 os\u00f3b doros\u0142ych w sk\u0142adniki przyczyniaj\u0105cesi\u0119 do utrzymania zdrowych staw\u00f3w i ko\u015bci. W swoim sk\u0142adzie zawiera glukozamin\u0119, chondroityn\u0119,MSM (organiczny zwi\u0105zek siarki), bor, mangan, jak r\u00f3wnie\u017c witaminy K+D.","robots":{"index":"index","follow":"follow","max-snippet":"max-snippet:-1","max-image-preview":"max-image-preview:large","max-video-preview":"max-video-preview:-1"},"canonical":"https:\/\/ortesis.pl\/?product=rotoxal-120-kapsulek-suplement-na-stawy","og_locale":"pl_PL","og_type":"article","og_title":"Rotoxal 120 kapsu\u0142ek - ortesis.pl","og_description":"Rotoxal to suplement diety uzupe\u0142niaj\u0105cy codzienn\u0105 diet\u0119 os\u00f3b doros\u0142ych w sk\u0142adniki przyczyniaj\u0105cesi\u0119 do utrzymania zdrowych staw\u00f3w i ko\u015bci. W swoim sk\u0142adzie zawiera glukozamin\u0119, chondroityn\u0119,MSM (organiczny zwi\u0105zek siarki), bor, mangan, jak r\u00f3wnie\u017c witaminy K+D.","og_url":"https:\/\/ortesis.pl\/?product=rotoxal-120-kapsulek-suplement-na-stawy","og_site_name":"ortesis.pl","article_modified_time":"2026-04-06T18:13:25+00:00","og_image":[{"width":810,"height":810,"url":"https:\/\/ortesis.pl\/wp-content\/uploads\/2024\/12\/rotoxal-120-kapsulek-e1775499198924.webp","type":"image\/webp"}],"twitter_card":"summary_large_image","twitter_misc":{"Szacowany czas czytania":"2 minuty"},"schema":{"@context":"https:\/\/schema.org","@graph":[{"@type":"WebPage","@id":"https:\/\/ortesis.pl\/?product=rotoxal-120-kapsulek-suplement-na-stawy","url":"https:\/\/ortesis.pl\/?product=rotoxal-120-kapsulek-suplement-na-stawy","name":"Rotoxal 120 kapsu\u0142ek - ortesis.pl","isPartOf":{"@id":"https:\/\/ortesis.pl\/#website"},"primaryImageOfPage":{"@id":"https:\/\/ortesis.pl\/?product=rotoxal-120-kapsulek-suplement-na-stawy#primaryimage"},"image":{"@id":"https:\/\/ortesis.pl\/?product=rotoxal-120-kapsulek-suplement-na-stawy#primaryimage"},"thumbnailUrl":"https:\/\/ortesis.pl\/wp-content\/uploads\/2024\/12\/rotoxal-120-kapsulek-e1775499198924.webp","datePublished":"2024-12-06T12:44:07+00:00","dateModified":"2026-04-06T18:13:25+00:00","description":"Rotoxal to suplement diety uzupe\u0142niaj\u0105cy codzienn\u0105 diet\u0119 os\u00f3b doros\u0142ych w sk\u0142adniki przyczyniaj\u0105cesi\u0119 do utrzymania zdrowych staw\u00f3w i ko\u015bci. W swoim sk\u0142adzie zawiera glukozamin\u0119, chondroityn\u0119,MSM (organiczny zwi\u0105zek siarki), bor, mangan, jak r\u00f3wnie\u017c witaminy K+D.","breadcrumb":{"@id":"https:\/\/ortesis.pl\/?product=rotoxal-120-kapsulek-suplement-na-stawy#breadcrumb"},"inLanguage":"pl-PL","potentialAction":[{"@type":"ReadAction","target":["https:\/\/ortesis.pl\/?product=rotoxal-120-kapsulek-suplement-na-stawy"]}]},{"@type":"ImageObject","inLanguage":"pl-PL","@id":"https:\/\/ortesis.pl\/?product=rotoxal-120-kapsulek-suplement-na-stawy#primaryimage","url":"https:\/\/ortesis.pl\/wp-content\/uploads\/2024\/12\/rotoxal-120-kapsulek-e1775499198924.webp","contentUrl":"https:\/\/ortesis.pl\/wp-content\/uploads\/2024\/12\/rotoxal-120-kapsulek-e1775499198924.webp","width":810,"height":810,"caption":"rotoxal 120 kapsu\u0142ek"},{"@type":"BreadcrumbList","@id":"https:\/\/ortesis.pl\/?product=rotoxal-120-kapsulek-suplement-na-stawy#breadcrumb","itemListElement":[{"@type":"ListItem","position":1,"name":"Strona g\u0142\u00f3wna","item":"https:\/\/ortesis.pl\/"},{"@type":"ListItem","position":2,"name":"Sklep","item":"https:\/\/ortesis.pl\/?page_id=977"},{"@type":"ListItem","position":3,"name":"Rotoxal 120 kapsu\u0142ek"}]},{"@type":"WebSite","@id":"https:\/\/ortesis.pl\/#website","url":"https:\/\/ortesis.pl\/","name":"ortesis.pl","description":"Sklep z zaopatrzeniem ortopedycznym, artyku\u0142ami medycznymi i suplementami","publisher":{"@id":"https:\/\/ortesis.pl\/#organization"},"potentialAction":[{"@type":"SearchAction","target":{"@type":"EntryPoint","urlTemplate":"https:\/\/ortesis.pl\/?s={search_term_string}"},"query-input":{"@type":"PropertyValueSpecification","valueRequired":true,"valueName":"search_term_string"}}],"inLanguage":"pl-PL"},{"@type":"Organization","@id":"https:\/\/ortesis.pl\/#organization","name":"ortesis.pl","url":"https:\/\/ortesis.pl\/","logo":{"@type":"ImageObject","inLanguage":"pl-PL","@id":"https:\/\/ortesis.pl\/#\/schema\/logo\/image\/","url":"https:\/\/ortesis.pl\/wp-content\/uploads\/2022\/08\/cropped-We-live-free.-1.png","contentUrl":"https:\/\/ortesis.pl\/wp-content\/uploads\/2022\/08\/cropped-We-live-free.-1.png","width":180,"height":60,"caption":"ortesis.pl"},"image":{"@id":"https:\/\/ortesis.pl\/#\/schema\/logo\/image\/"}}]}},"_links":{"self":[{"href":"https:\/\/ortesis.pl\/index.php?rest_route=\/wp\/v2\/product\/1995","targetHints":{"allow":["GET"]}}],"collection":[{"href":"https:\/\/ortesis.pl\/index.php?rest_route=\/wp\/v2\/product"}],"about":[{"href":"https:\/\/ortesis.pl\/index.php?rest_route=\/wp\/v2\/types\/product"}],"version-history":[{"count":6,"href":"https:\/\/ortesis.pl\/index.php?rest_route=\/wp\/v2\/product\/1995\/revisions"}],"predecessor-version":[{"id":2511,"href":"https:\/\/ortesis.pl\/index.php?rest_route=\/wp\/v2\/product\/1995\/revisions\/2511"}],"wp:featuredmedia":[{"embeddable":true,"href":"https:\/\/ortesis.pl\/index.php?rest_route=\/wp\/v2\/media\/2590"}],"wp:attachment":[{"href":"https:\/\/ortesis.pl\/index.php?rest_route=%2Fwp%2Fv2%2Fmedia&parent=1995"}],"wp:term":[{"taxonomy":"product_brand","embeddable":true,"href":"https:\/\/ortesis.pl\/index.php?rest_route=%2Fwp%2Fv2%2Fproduct_brand&post=1995"},{"taxonomy":"product_cat","embeddable":true,"href":"https:\/\/ortesis.pl\/index.php?rest_route=%2Fwp%2Fv2%2Fproduct_cat&post=1995"},{"taxonomy":"product_tag","embeddable":true,"href":"https:\/\/ortesis.pl\/index.php?rest_route=%2Fwp%2Fv2%2Fproduct_tag&post=1995"}],"curies":[{"name":"wp","href":"https:\/\/api.w.org\/{rel}","templated":true}]}}