{"id":1906,"date":"2024-11-11T20:37:36","date_gmt":"2024-11-11T19:37:36","guid":{"rendered":"https:\/\/ortesis.pl\/?post_type=product&#038;p=1906"},"modified":"2024-11-12T22:28:08","modified_gmt":"2024-11-12T21:28:08","slug":"orteza-barku-ramienia-niestabilnosc-urazy-msupport-ms218","status":"publish","type":"product","link":"https:\/\/ortesis.pl\/?product=orteza-barku-ramienia-niestabilnosc-urazy-msupport-ms218","title":{"rendered":"Orteza barku i ramienia niestabilno\u015b\u0107 zwichni\u0119cia stawu ramiennego MSupport MS218"},"content":{"rendered":"<p>MS218\u00a0 to elastyczna orteza poprawiaj\u0105ca stabilizacj\u0119 barku i ramienia po urazie. Odci\u0105\u017ca bol\u0105ce i chor\u0119 rami\u0119 wspomaga\u00a0 jego regeneracj\u0119. Posiada wytrzyma\u0142y materia\u0142 i mocne szwy, kt\u00f3re zapobiegaj\u0105 rozci\u0105ganiu. \u0141atwe zak\u0142adanie i \u015bwietna stabilizacja barku dzi\u0119ki mocnym rzepom. Regulowana wysoko\u015b\u0107, daj\u0105ca mo\u017cliwo\u015b\u0107 indywidualnego dopasowania. Rozmiar uniwersalny. Regulacja za pomoc\u0105 docinanych pas\u00f3w. Pasuje na prawy jak i na lewy bark.<\/p>\n<p><strong>Dane techniczne :<\/strong><\/p>\n<table align=\"center\">\n<tbody>\n<tr>\n<td>Rozmiar<\/td>\n<td>Uniwersalny<\/td>\n<\/tr>\n<tr>\n<td>Kolor<\/td>\n<td>czarny<\/td>\n<\/tr>\n<tr>\n<td>Strona<\/td>\n<td>pasuje na prawy i na lewy bark<\/td>\n<\/tr>\n<\/tbody>\n<\/table>\n<p><strong>Wskazania :<\/strong><\/p>\n<ul>\n<li>leczenie zachowawcze, unieruchomienie po urazie barku, leczeniu operacyjnym barku.<\/li>\n<li>uszkodzenia\u00a0 sto\u017cka rotator\u00f3w odwodzicieli i przywodzicieli<\/li>\n<li>niestabilno\u015b\u0107 barku<\/li>\n<li>nieoperacyjne leczenie z\u0142ama\u0144 ko\u015bci ramiennej<\/li>\n<li>nadwyr\u0119\u017cenie, przeci\u0105\u017cenie \u015bci\u0119gien i wi\u0119zade\u0142 stawu ramiennego<\/li>\n<li>stany zapalne i choroba zwyrodnieniowa stawu ramiennego<\/li>\n<li>niedow\u0142ad ko\u0144czyny g\u00f3rnej<\/li>\n<li>urazy obojczyka<\/li>\n<li>urazy stawu barkowego wymagaj\u0105ce odci\u0105\u017cenia i ograniczenia ruchomo\u015bci<\/li>\n<\/ul>\n<section data-id=\"cc3a8bd\" data-element_type=\"section\"><\/section>\n<section class=\"elementor-section elementor-top-section elementor-element elementor-element-cc3a8bd elementor-section-boxed elementor-section-height-default elementor-section-height-default\" data-id=\"cc3a8bd\" data-element_type=\"section\">\n<div class=\"elementor-container elementor-column-gap-default\">\n<div class=\"elementor-row\">\n<div class=\"elementor-column elementor-col-100 elementor-top-column elementor-element elementor-element-a5d8a60\" data-id=\"a5d8a60\" data-element_type=\"column\">\n<div class=\"elementor-column-wrap elementor-element-populated\">\n<div class=\"elementor-widget-wrap\">\n<div class=\"elementor-element elementor-element-d8ea94a elementor-widget elementor-widget-text-editor\" data-id=\"d8ea94a\" data-element_type=\"widget\" data-widget_type=\"text-editor.default\">\n<div class=\"elementor-widget-container\">\n<section class=\"elementor-section elementor-top-section elementor-element elementor-element-cc3a8bd elementor-section-boxed elementor-section-height-default elementor-section-height-default\" data-id=\"cc3a8bd\" data-element_type=\"section\">\n<div class=\"elementor-container elementor-column-gap-default\">\n<div class=\"elementor-row\">\n<div class=\"elementor-column elementor-col-100 elementor-top-column elementor-element elementor-element-a5d8a60\" data-id=\"a5d8a60\" data-element_type=\"column\">\n<div class=\"elementor-column-wrap elementor-element-populated\">\n<div class=\"elementor-widget-wrap\">\n<div class=\"elementor-element elementor-element-d8ea94a elementor-widget elementor-widget-text-editor\" data-id=\"d8ea94a\" data-element_type=\"widget\" data-widget_type=\"text-editor.default\">\n<div class=\"elementor-widget-container\">\n<div class=\"elementor-text-editor elementor-clearfix\">Orteza barku i ramienia\u00a0 MSupport MS218 zosta\u0142a wykonano z wykorzystaniem przewiewnych i wytrzyma\u0142ych materia\u0142\u00f3w zapewnia trwa\u0142o\u015b\u0107, a tak\u017ce komfort u\u017cytkowania dzi\u0119ki oddychaj\u0105cym w\u0142a\u015bciwo\u015bciom tkaniny. Elastyczna konstrukcja opaski dostosowuje si\u0119 do kszta\u0142tu barku , zapewniaj\u0105c idealne dopasowanie.<\/div>\n<div><\/div>\n<div class=\"elementor-text-editor elementor-clearfix\">W\u0142a\u015bciwo\u015bci ortezy :<\/div>\n<ul>\n<li>innowacyjny materia\u0142 pozwalaj\u0105cy na regulacj\u0119 szeroko\u015bci za pomoc\u0105 rzep\u00f3w na ca\u0142ej powierzchni ortezy<\/li>\n<li>oddychaj\u0105ca wy\u015bci\u00f3\u0142ka, kt\u00f3ra \u015bwietnie odprowadza wilgo\u0107 na zewn\u0105trz<\/li>\n<li>mocne rzepy, dzi\u0119ki kt\u00f3rym stabilizator jest zawsze na swoim miejscu, a zak\u0142adanie jest \u0142atwe<\/li>\n<li>zastosowanie rzep\u00f3w Micro-Velcro, kt\u00f3re nie mechac\u0105 materia\u0142u<\/li>\n<li>wytrzyma\u0142e szwy i mocny materia\u0142 \u2013 orteza nie rozci\u0105ga si\u0119 ani nie pruje, zachowuje sw\u00f3j kszta\u0142t nawet podczas d\u0142u\u017cszego u\u017cytkowania<\/li>\n<li>uniwersalna \u2013 mo\u017cna j\u0105 stosowa\u0107 na lewy i prawy bark<\/li>\n<li>regulacja wysoko\u015bci &#8211;\u00a0 dopasujesz j\u0105 idealnie do swoich preferencji<\/li>\n<\/ul>\n<p><strong>Pami\u0119taj, \u017ce poprawne za\u0142o\u017cenie i ustawienie ortezy barkowej MSupport powiniene\u015b skonsultowa\u0107 z lekarzem prowadz\u0105cym lub fizjoterapeut\u0105.<\/strong><\/p>\n<\/div>\n<\/div>\n<\/div>\n<\/div>\n<\/div>\n<\/div>\n<\/div>\n<\/section>\n<\/div>\n<\/div>\n<\/div>\n<\/div>\n<\/div>\n<\/div>\n<\/div>\n<\/section>\n","protected":false},"excerpt":{"rendered":"<p><strong>Wskazania : <\/strong><\/p>\n<ul>\n<li>zwichni\u0119cie, skr\u0119cenie barku,<\/li>\n<li>nawykowa niestabilno\u015b\u0107 barku,<\/li>\n<li>urazy ramienia i stawu ramiennego,<\/li>\n<li>urazy sto\u017cka rotator\u00f3w,<\/li>\n<li>przeci\u0105\u017cenia barku, stawu barkowo obojczykowego,<\/li>\n<li>leczenie zachowawcze z\u0142amania bli\u017cszej cz\u0119\u015bci ko\u015bci ramiennej,<\/li>\n<li>z\u0142amanie guzka wi\u0119kszego ko\u015bci ramiennej.<\/li>\n<\/ul>\n","protected":false},"featured_media":1909,"template":"","meta":{"site-sidebar-layout":"default","site-content-layout":"default","ast-site-content-layout":"default","site-content-style":"default","site-sidebar-style":"default","ast-global-header-display":"","ast-banner-title-visibility":"","ast-main-header-display":"","ast-hfb-above-header-display":"","ast-hfb-below-header-display":"","ast-hfb-mobile-header-display":"","site-post-title":"","ast-breadcrumbs-content":"","ast-featured-img":"","footer-sml-layout":"","ast-disable-related-posts":"","theme-transparent-header-meta":"default","adv-header-id-meta":"","stick-header-meta":"","header-above-stick-meta":"","header-main-stick-meta":"","header-below-stick-meta":"","astra-migrate-meta-layouts":"set","ast-page-background-enabled":"default","ast-page-background-meta":{"desktop":{"background-color":"var(--ast-global-color-4)","background-image":"","background-repeat":"repeat","background-position":"center center","background-size":"auto","background-attachment":"scroll","background-type":"","background-media":"","overlay-type":"","overlay-color":"","overlay-opacity":"","overlay-gradient":""},"tablet":{"background-color":"","background-image":"","background-repeat":"repeat","background-position":"center center","background-size":"auto","background-attachment":"scroll","background-type":"","background-media":"","overlay-type":"","overlay-color":"","overlay-opacity":"","overlay-gradient":""},"mobile":{"background-color":"","background-image":"","background-repeat":"repeat","background-position":"center center","background-size":"auto","background-attachment":"scroll","background-type":"","background-media":"","overlay-type":"","overlay-color":"","overlay-opacity":"","overlay-gradient":""}},"ast-content-background-meta":{"desktop":{"background-color":"var(--ast-global-color-5)","background-image":"","background-repeat":"repeat","background-position":"center center","background-size":"auto","background-attachment":"scroll","background-type":"","background-media":"","overlay-type":"","overlay-color":"","overlay-opacity":"","overlay-gradient":""},"tablet":{"background-color":"var(--ast-global-color-5)","background-image":"","background-repeat":"repeat","background-position":"center center","background-size":"auto","background-attachment":"scroll","background-type":"","background-media":"","overlay-type":"","overlay-color":"","overlay-opacity":"","overlay-gradient":""},"mobile":{"background-color":"var(--ast-global-color-5)","background-image":"","background-repeat":"repeat","background-position":"center center","background-size":"auto","background-attachment":"scroll","background-type":"","background-media":"","overlay-type":"","overlay-color":"","overlay-opacity":"","overlay-gradient":""}}},"product_brand":[],"product_cat":[28],"product_tag":[75,74],"class_list":{"0":"post-1906","1":"product","2":"type-product","3":"status-publish","4":"has-post-thumbnail","6":"product_cat-ortezy-barku-i-ramienia","7":"product_tag-lokiec-golfisty","8":"product_tag-lokiec-tenisisty","9":"desktop-align-center","10":"tablet-align-left","11":"mobile-align-left","13":"first","14":"instock","15":"sale","16":"taxable","17":"shipping-taxable","18":"purchasable","19":"product-type-simple"},"yoast_head":"<!-- This site is optimized with the Yoast SEO plugin v27.4 - https:\/\/yoast.com\/product\/yoast-seo-wordpress\/ -->\n<title>Orteza barku i ramienia niestabilno\u015b\u0107 zwichni\u0119cia stawu ramiennego MSupport MS218 - ortesis.pl<\/title>\n<meta name=\"robots\" content=\"index, follow, max-snippet:-1, max-image-preview:large, max-video-preview:-1\" \/>\n<link rel=\"canonical\" href=\"https:\/\/ortesis.pl\/?product=orteza-barku-ramienia-niestabilnosc-urazy-msupport-ms218\" \/>\n<meta property=\"og:locale\" content=\"pl_PL\" \/>\n<meta property=\"og:type\" content=\"article\" \/>\n<meta property=\"og:title\" content=\"Orteza barku i ramienia niestabilno\u015b\u0107 zwichni\u0119cia stawu ramiennego MSupport MS218 - ortesis.pl\" \/>\n<meta property=\"og:description\" content=\"Wskazania :    zwichni\u0119cie, skr\u0119cenie barku,  nawykowa niestabilno\u015b\u0107 barku,  urazy ramienia i stawu ramiennego,  urazy sto\u017cka rotator\u00f3w,  przeci\u0105\u017cenia barku, stawu barkowo obojczykowego,  leczenie zachowawcze z\u0142amania bli\u017cszej cz\u0119\u015bci ko\u015bci ramiennej,  z\u0142amanie guzka wi\u0119kszego ko\u015bci ramiennej.\" \/>\n<meta property=\"og:url\" content=\"https:\/\/ortesis.pl\/?product=orteza-barku-ramienia-niestabilnosc-urazy-msupport-ms218\" \/>\n<meta property=\"og:site_name\" content=\"ortesis.pl\" \/>\n<meta property=\"article:modified_time\" content=\"2024-11-12T21:28:08+00:00\" \/>\n<meta property=\"og:image\" content=\"https:\/\/ortesis.pl\/wp-content\/uploads\/2024\/11\/orteza-po-zwichnieciu-barku.jpg\" \/>\n\t<meta property=\"og:image:width\" content=\"650\" \/>\n\t<meta property=\"og:image:height\" content=\"650\" \/>\n\t<meta property=\"og:image:type\" content=\"image\/jpeg\" \/>\n<meta name=\"twitter:card\" content=\"summary_large_image\" \/>\n<meta name=\"twitter:label1\" content=\"Szacowany czas czytania\" \/>\n\t<meta name=\"twitter:data1\" content=\"2 minuty\" \/>\n<script type=\"application\/ld+json\" class=\"yoast-schema-graph\">{\"@context\":\"https:\\\/\\\/schema.org\",\"@graph\":[{\"@type\":\"WebPage\",\"@id\":\"https:\\\/\\\/ortesis.pl\\\/?product=orteza-barku-ramienia-niestabilnosc-urazy-msupport-ms218\",\"url\":\"https:\\\/\\\/ortesis.pl\\\/?product=orteza-barku-ramienia-niestabilnosc-urazy-msupport-ms218\",\"name\":\"Orteza barku i ramienia niestabilno\u015b\u0107 zwichni\u0119cia stawu ramiennego MSupport MS218 - ortesis.pl\",\"isPartOf\":{\"@id\":\"https:\\\/\\\/ortesis.pl\\\/#website\"},\"primaryImageOfPage\":{\"@id\":\"https:\\\/\\\/ortesis.pl\\\/?product=orteza-barku-ramienia-niestabilnosc-urazy-msupport-ms218#primaryimage\"},\"image\":{\"@id\":\"https:\\\/\\\/ortesis.pl\\\/?product=orteza-barku-ramienia-niestabilnosc-urazy-msupport-ms218#primaryimage\"},\"thumbnailUrl\":\"https:\\\/\\\/ortesis.pl\\\/wp-content\\\/uploads\\\/2024\\\/11\\\/orteza-po-zwichnieciu-barku.jpg\",\"datePublished\":\"2024-11-11T19:37:36+00:00\",\"dateModified\":\"2024-11-12T21:28:08+00:00\",\"breadcrumb\":{\"@id\":\"https:\\\/\\\/ortesis.pl\\\/?product=orteza-barku-ramienia-niestabilnosc-urazy-msupport-ms218#breadcrumb\"},\"inLanguage\":\"pl-PL\",\"potentialAction\":[{\"@type\":\"ReadAction\",\"target\":[\"https:\\\/\\\/ortesis.pl\\\/?product=orteza-barku-ramienia-niestabilnosc-urazy-msupport-ms218\"]}]},{\"@type\":\"ImageObject\",\"inLanguage\":\"pl-PL\",\"@id\":\"https:\\\/\\\/ortesis.pl\\\/?product=orteza-barku-ramienia-niestabilnosc-urazy-msupport-ms218#primaryimage\",\"url\":\"https:\\\/\\\/ortesis.pl\\\/wp-content\\\/uploads\\\/2024\\\/11\\\/orteza-po-zwichnieciu-barku.jpg\",\"contentUrl\":\"https:\\\/\\\/ortesis.pl\\\/wp-content\\\/uploads\\\/2024\\\/11\\\/orteza-po-zwichnieciu-barku.jpg\",\"width\":650,\"height\":650},{\"@type\":\"BreadcrumbList\",\"@id\":\"https:\\\/\\\/ortesis.pl\\\/?product=orteza-barku-ramienia-niestabilnosc-urazy-msupport-ms218#breadcrumb\",\"itemListElement\":[{\"@type\":\"ListItem\",\"position\":1,\"name\":\"Strona g\u0142\u00f3wna\",\"item\":\"https:\\\/\\\/ortesis.pl\\\/\"},{\"@type\":\"ListItem\",\"position\":2,\"name\":\"Sklep\",\"item\":\"https:\\\/\\\/ortesis.pl\\\/?page_id=977\"},{\"@type\":\"ListItem\",\"position\":3,\"name\":\"Orteza barku i ramienia niestabilno\u015b\u0107 zwichni\u0119cia stawu ramiennego MSupport MS218\"}]},{\"@type\":\"WebSite\",\"@id\":\"https:\\\/\\\/ortesis.pl\\\/#website\",\"url\":\"https:\\\/\\\/ortesis.pl\\\/\",\"name\":\"ortesis.pl\",\"description\":\"Sklep z zaopatrzeniem ortopedycznym, artyku\u0142ami medycznymi i suplementami\",\"publisher\":{\"@id\":\"https:\\\/\\\/ortesis.pl\\\/#organization\"},\"potentialAction\":[{\"@type\":\"SearchAction\",\"target\":{\"@type\":\"EntryPoint\",\"urlTemplate\":\"https:\\\/\\\/ortesis.pl\\\/?s={search_term_string}\"},\"query-input\":{\"@type\":\"PropertyValueSpecification\",\"valueRequired\":true,\"valueName\":\"search_term_string\"}}],\"inLanguage\":\"pl-PL\"},{\"@type\":\"Organization\",\"@id\":\"https:\\\/\\\/ortesis.pl\\\/#organization\",\"name\":\"ortesis.pl\",\"url\":\"https:\\\/\\\/ortesis.pl\\\/\",\"logo\":{\"@type\":\"ImageObject\",\"inLanguage\":\"pl-PL\",\"@id\":\"https:\\\/\\\/ortesis.pl\\\/#\\\/schema\\\/logo\\\/image\\\/\",\"url\":\"https:\\\/\\\/ortesis.pl\\\/wp-content\\\/uploads\\\/2022\\\/08\\\/cropped-We-live-free.-1.png\",\"contentUrl\":\"https:\\\/\\\/ortesis.pl\\\/wp-content\\\/uploads\\\/2022\\\/08\\\/cropped-We-live-free.-1.png\",\"width\":180,\"height\":60,\"caption\":\"ortesis.pl\"},\"image\":{\"@id\":\"https:\\\/\\\/ortesis.pl\\\/#\\\/schema\\\/logo\\\/image\\\/\"}}]}<\/script>\n<!-- \/ Yoast SEO plugin. -->","yoast_head_json":{"title":"Orteza barku i ramienia niestabilno\u015b\u0107 zwichni\u0119cia stawu ramiennego MSupport MS218 - ortesis.pl","robots":{"index":"index","follow":"follow","max-snippet":"max-snippet:-1","max-image-preview":"max-image-preview:large","max-video-preview":"max-video-preview:-1"},"canonical":"https:\/\/ortesis.pl\/?product=orteza-barku-ramienia-niestabilnosc-urazy-msupport-ms218","og_locale":"pl_PL","og_type":"article","og_title":"Orteza barku i ramienia niestabilno\u015b\u0107 zwichni\u0119cia stawu ramiennego MSupport MS218 - ortesis.pl","og_description":"Wskazania :    zwichni\u0119cie, skr\u0119cenie barku,  nawykowa niestabilno\u015b\u0107 barku,  urazy ramienia i stawu ramiennego,  urazy sto\u017cka rotator\u00f3w,  przeci\u0105\u017cenia barku, stawu barkowo obojczykowego,  leczenie zachowawcze z\u0142amania bli\u017cszej cz\u0119\u015bci ko\u015bci ramiennej,  z\u0142amanie guzka wi\u0119kszego ko\u015bci ramiennej.","og_url":"https:\/\/ortesis.pl\/?product=orteza-barku-ramienia-niestabilnosc-urazy-msupport-ms218","og_site_name":"ortesis.pl","article_modified_time":"2024-11-12T21:28:08+00:00","og_image":[{"width":650,"height":650,"url":"https:\/\/ortesis.pl\/wp-content\/uploads\/2024\/11\/orteza-po-zwichnieciu-barku.jpg","type":"image\/jpeg"}],"twitter_card":"summary_large_image","twitter_misc":{"Szacowany czas czytania":"2 minuty"},"schema":{"@context":"https:\/\/schema.org","@graph":[{"@type":"WebPage","@id":"https:\/\/ortesis.pl\/?product=orteza-barku-ramienia-niestabilnosc-urazy-msupport-ms218","url":"https:\/\/ortesis.pl\/?product=orteza-barku-ramienia-niestabilnosc-urazy-msupport-ms218","name":"Orteza barku i ramienia niestabilno\u015b\u0107 zwichni\u0119cia stawu ramiennego MSupport MS218 - ortesis.pl","isPartOf":{"@id":"https:\/\/ortesis.pl\/#website"},"primaryImageOfPage":{"@id":"https:\/\/ortesis.pl\/?product=orteza-barku-ramienia-niestabilnosc-urazy-msupport-ms218#primaryimage"},"image":{"@id":"https:\/\/ortesis.pl\/?product=orteza-barku-ramienia-niestabilnosc-urazy-msupport-ms218#primaryimage"},"thumbnailUrl":"https:\/\/ortesis.pl\/wp-content\/uploads\/2024\/11\/orteza-po-zwichnieciu-barku.jpg","datePublished":"2024-11-11T19:37:36+00:00","dateModified":"2024-11-12T21:28:08+00:00","breadcrumb":{"@id":"https:\/\/ortesis.pl\/?product=orteza-barku-ramienia-niestabilnosc-urazy-msupport-ms218#breadcrumb"},"inLanguage":"pl-PL","potentialAction":[{"@type":"ReadAction","target":["https:\/\/ortesis.pl\/?product=orteza-barku-ramienia-niestabilnosc-urazy-msupport-ms218"]}]},{"@type":"ImageObject","inLanguage":"pl-PL","@id":"https:\/\/ortesis.pl\/?product=orteza-barku-ramienia-niestabilnosc-urazy-msupport-ms218#primaryimage","url":"https:\/\/ortesis.pl\/wp-content\/uploads\/2024\/11\/orteza-po-zwichnieciu-barku.jpg","contentUrl":"https:\/\/ortesis.pl\/wp-content\/uploads\/2024\/11\/orteza-po-zwichnieciu-barku.jpg","width":650,"height":650},{"@type":"BreadcrumbList","@id":"https:\/\/ortesis.pl\/?product=orteza-barku-ramienia-niestabilnosc-urazy-msupport-ms218#breadcrumb","itemListElement":[{"@type":"ListItem","position":1,"name":"Strona g\u0142\u00f3wna","item":"https:\/\/ortesis.pl\/"},{"@type":"ListItem","position":2,"name":"Sklep","item":"https:\/\/ortesis.pl\/?page_id=977"},{"@type":"ListItem","position":3,"name":"Orteza barku i ramienia niestabilno\u015b\u0107 zwichni\u0119cia stawu ramiennego MSupport MS218"}]},{"@type":"WebSite","@id":"https:\/\/ortesis.pl\/#website","url":"https:\/\/ortesis.pl\/","name":"ortesis.pl","description":"Sklep z zaopatrzeniem ortopedycznym, artyku\u0142ami medycznymi i suplementami","publisher":{"@id":"https:\/\/ortesis.pl\/#organization"},"potentialAction":[{"@type":"SearchAction","target":{"@type":"EntryPoint","urlTemplate":"https:\/\/ortesis.pl\/?s={search_term_string}"},"query-input":{"@type":"PropertyValueSpecification","valueRequired":true,"valueName":"search_term_string"}}],"inLanguage":"pl-PL"},{"@type":"Organization","@id":"https:\/\/ortesis.pl\/#organization","name":"ortesis.pl","url":"https:\/\/ortesis.pl\/","logo":{"@type":"ImageObject","inLanguage":"pl-PL","@id":"https:\/\/ortesis.pl\/#\/schema\/logo\/image\/","url":"https:\/\/ortesis.pl\/wp-content\/uploads\/2022\/08\/cropped-We-live-free.-1.png","contentUrl":"https:\/\/ortesis.pl\/wp-content\/uploads\/2022\/08\/cropped-We-live-free.-1.png","width":180,"height":60,"caption":"ortesis.pl"},"image":{"@id":"https:\/\/ortesis.pl\/#\/schema\/logo\/image\/"}}]}},"_links":{"self":[{"href":"https:\/\/ortesis.pl\/index.php?rest_route=\/wp\/v2\/product\/1906","targetHints":{"allow":["GET"]}}],"collection":[{"href":"https:\/\/ortesis.pl\/index.php?rest_route=\/wp\/v2\/product"}],"about":[{"href":"https:\/\/ortesis.pl\/index.php?rest_route=\/wp\/v2\/types\/product"}],"version-history":[{"count":6,"href":"https:\/\/ortesis.pl\/index.php?rest_route=\/wp\/v2\/product\/1906\/revisions"}],"predecessor-version":[{"id":1954,"href":"https:\/\/ortesis.pl\/index.php?rest_route=\/wp\/v2\/product\/1906\/revisions\/1954"}],"wp:featuredmedia":[{"embeddable":true,"href":"https:\/\/ortesis.pl\/index.php?rest_route=\/wp\/v2\/media\/1909"}],"wp:attachment":[{"href":"https:\/\/ortesis.pl\/index.php?rest_route=%2Fwp%2Fv2%2Fmedia&parent=1906"}],"wp:term":[{"taxonomy":"product_brand","embeddable":true,"href":"https:\/\/ortesis.pl\/index.php?rest_route=%2Fwp%2Fv2%2Fproduct_brand&post=1906"},{"taxonomy":"product_cat","embeddable":true,"href":"https:\/\/ortesis.pl\/index.php?rest_route=%2Fwp%2Fv2%2Fproduct_cat&post=1906"},{"taxonomy":"product_tag","embeddable":true,"href":"https:\/\/ortesis.pl\/index.php?rest_route=%2Fwp%2Fv2%2Fproduct_tag&post=1906"}],"curies":[{"name":"wp","href":"https:\/\/api.w.org\/{rel}","templated":true}]}}