{"id":1799,"date":"2024-10-14T22:29:14","date_gmt":"2024-10-14T20:29:14","guid":{"rendered":"https:\/\/ortesis.pl\/?post_type=product&#038;p=1799"},"modified":"2024-10-14T22:38:11","modified_gmt":"2024-10-14T20:38:11","slug":"stabilizator-kompresyjny-stawu-nadgarstkowego-ws6-zespol-ciesni-nadgarstka","status":"publish","type":"product","link":"https:\/\/ortesis.pl\/?product=stabilizator-kompresyjny-stawu-nadgarstkowego-ws6-zespol-ciesni-nadgarstka","title":{"rendered":"Stabilizator kompresyjny stawu nadgarstkowego WS6 zesp\u00f3\u0142 cie\u015bni nadgarstka"},"content":{"rendered":"<p>WS6 Jest wygodny do zak\u0142adania, \u0142agodzi b\u00f3le nadgarstka, b\u00f3le staw\u00f3w, poprawia kr\u0105\u017cenie oraz zmniejsza obrz\u0119k. Produkt sprzedawany\u00a0<strong>pojedynczo<\/strong>.<\/p>\n<table>\n<tbody>\n<tr>\n<td>Rozmiar<\/td>\n<td>Obw\u00f3d nadgarstka [cm]<\/td>\n<\/tr>\n<tr>\n<td>S<\/td>\n<td>13-15<\/td>\n<\/tr>\n<tr>\n<td>M<\/td>\n<td>16-18<\/td>\n<\/tr>\n<tr>\n<td>L<\/td>\n<td>19-21<\/td>\n<\/tr>\n<tr>\n<td>XL<\/td>\n<td>22-24<\/td>\n<\/tr>\n<\/tbody>\n<\/table>\n<p>&nbsp;<\/p>\n<h4><\/h4>\n<h4><strong>Wskazania do stosowania:<\/strong><\/h4>\n<ul>\n<li>zesp\u00f3\u0142 cie\u015bni nadgarstka,<\/li>\n<li>zmiany przeci\u0105\u017ceniowe nadgarstka,<\/li>\n<li>obrz\u0119ki po urazie nadgarstka,<\/li>\n<li>ganglion,<\/li>\n<li>drobne skr\u0119cenia nadgarstka<\/li>\n<\/ul>\n<h4><strong>Najwy\u017csza jako\u015b\u0107:<\/strong><\/h4>\n<ul>\n<li>Idealne dopasowanie, wygodne r\u00f3wniez pod odzie\u017c\u0105 wierzchni\u0105<\/li>\n<li>Wspomaga wydajno\u015b\u0107<\/li>\n<li>Wsparcie wi\u0119zade\u0142 i zwi\u0119kszenie cyrkulacji dla szybszej regeneracji<\/li>\n<li>Swobodny zakres ruchu<\/li>\n<\/ul>\n<section class=\"elementor-section elementor-top-section elementor-element elementor-element-cc3a8bd elementor-section-boxed elementor-section-height-default elementor-section-height-default\" data-id=\"cc3a8bd\" data-element_type=\"section\">\n<div class=\"elementor-container elementor-column-gap-default\">\n<div class=\"elementor-row\">\n<div class=\"elementor-column elementor-col-100 elementor-top-column elementor-element elementor-element-a5d8a60\" data-id=\"a5d8a60\" data-element_type=\"column\">\n<div class=\"elementor-column-wrap elementor-element-populated\">\n<div class=\"elementor-widget-wrap\">\n<div class=\"elementor-element elementor-element-d8ea94a elementor-widget elementor-widget-text-editor\" data-id=\"d8ea94a\" data-element_type=\"widget\" data-widget_type=\"text-editor.default\">\n<div class=\"elementor-widget-container\">\n<section class=\"elementor-section elementor-top-section elementor-element elementor-element-cc3a8bd elementor-section-boxed elementor-section-height-default elementor-section-height-default\" data-id=\"cc3a8bd\" data-element_type=\"section\">\n<div class=\"elementor-container elementor-column-gap-default\">\n<div class=\"elementor-row\">\n<div class=\"elementor-column elementor-col-100 elementor-top-column elementor-element elementor-element-a5d8a60\" data-id=\"a5d8a60\" data-element_type=\"column\">\n<div class=\"elementor-column-wrap elementor-element-populated\">\n<div class=\"elementor-widget-wrap\">\n<div class=\"elementor-element elementor-element-d8ea94a elementor-widget elementor-widget-text-editor\" data-id=\"d8ea94a\" data-element_type=\"widget\" data-widget_type=\"text-editor.default\">\n<div class=\"elementor-widget-container\">\n<div class=\"elementor-text-editor elementor-clearfix\">\n<section class=\"elementor-section elementor-top-section elementor-element elementor-element-cc3a8bd elementor-section-boxed elementor-section-height-default elementor-section-height-default\" data-id=\"cc3a8bd\" data-element_type=\"section\">\n<div class=\"elementor-container elementor-column-gap-default\">\n<div class=\"elementor-row\">\n<div class=\"elementor-column elementor-col-100 elementor-top-column elementor-element elementor-element-a5d8a60\" data-id=\"a5d8a60\" data-element_type=\"column\">\n<div class=\"elementor-column-wrap elementor-element-populated\">\n<div class=\"elementor-widget-wrap\">\n<div class=\"elementor-element elementor-element-d8ea94a elementor-widget elementor-widget-text-editor\" data-id=\"d8ea94a\" data-element_type=\"widget\" data-widget_type=\"text-editor.default\">\n<div class=\"elementor-widget-container\">\n<div class=\"elementor-text-editor elementor-clearfix\">\n<h4>W WS6 wbudowano 6 stref naprzemiennej kompresji:<\/h4>\n<\/div>\n<\/div>\n<\/div>\n<\/div>\n<\/div>\n<\/div>\n<\/div>\n<\/div>\n<\/section>\n<section class=\"elementor-section elementor-top-section elementor-element elementor-element-afa9a85 elementor-section-boxed elementor-section-height-default elementor-section-height-default\" data-id=\"afa9a85\" data-element_type=\"section\">\n<div class=\"elementor-container elementor-column-gap-default\">\n<div class=\"elementor-row\">\n<div class=\"elementor-column elementor-col-50 elementor-top-column elementor-element elementor-element-b002ab7\" data-id=\"b002ab7\" data-element_type=\"column\">\n<div class=\"elementor-column-wrap elementor-element-populated\">\n<div class=\"elementor-widget-wrap\">\n<div class=\"elementor-element elementor-element-af8067d elementor-widget elementor-widget-text-editor\" data-id=\"af8067d\" data-element_type=\"widget\" data-widget_type=\"text-editor.default\">\n<div class=\"elementor-widget-container\">\n<div class=\"elementor-text-editor elementor-clearfix\">\n<ul>\n<li><strong>Strefa 1 (10-15 mmHg):<\/strong>\u00a0\u0141agodna kompresja. Szerokie i wygodne obszycie.<\/li>\n<li><strong>Strefa 2 (15-20 mmHg):<\/strong>\u00a0Umiarkowana kompresja w celu odci\u0105\u017cenia i stymulacji.<\/li>\n<li><strong>Strefa 3 i 4 (15-20 mmHg):<\/strong>\u00a0Du\u017ca kompresja. Ogranicza b\u00f3le \u015bci\u0119gien i mi\u0119\u015bni. Zwi\u0119ksza cyrkulacj\u0119 krwi dla z\u0142agodzenia b\u00f3lu.<\/li>\n<li><strong>Strefa 5 (20-30 mmHg):<\/strong>\u00a0Umiarkowana kompresja dla zmniejszenia b\u00f3lu i obrz\u0119ku.<\/li>\n<li><strong>Strefa 6 (20-30 mmHg):<\/strong>\u00a0Lekka kompresja. Szerokie, wygodne obszycie umo\u017cliwiaj\u0105ce \u0142atwe zak\u0142adanie opaski.<\/li>\n<\/ul>\n<\/div>\n<\/div>\n<\/div>\n<\/div>\n<\/div>\n<\/div>\n<\/div>\n<\/div>\n<\/section>\n<\/div>\n<\/div>\n<\/div>\n<\/div>\n<\/div>\n<\/div>\n<\/div>\n<\/div>\n<\/section>\n<\/div>\n<\/div>\n<\/div>\n<\/div>\n<\/div>\n<\/div>\n<\/div>\n<\/section>\n<section class=\"elementor-section elementor-top-section elementor-element elementor-element-afa9a85 elementor-section-boxed elementor-section-height-default elementor-section-height-default\" data-id=\"afa9a85\" data-element_type=\"section\">\n<div class=\"elementor-container elementor-column-gap-default\">\n<div class=\"elementor-row\">\n<div class=\"elementor-column elementor-col-50 elementor-top-column elementor-element elementor-element-b002ab7\" data-id=\"b002ab7\" data-element_type=\"column\">\n<div class=\"elementor-column-wrap elementor-element-populated\">\n<div class=\"elementor-widget-wrap\">\n<div class=\"elementor-element elementor-element-af8067d elementor-widget elementor-widget-text-editor\" data-id=\"af8067d\" data-element_type=\"widget\" data-widget_type=\"text-editor.default\">\n<div class=\"elementor-widget-container\">\n<div class=\"elementor-text-editor elementor-clearfix\">\n<p><img fetchpriority=\"high\" decoding=\"async\" class=\"alignnone size-medium wp-image-1807\" src=\"https:\/\/ortesis.pl\/wp-content\/uploads\/2024\/10\/ws6-263x300.jpg\" alt=\"\" width=\"263\" height=\"300\" srcset=\"https:\/\/ortesis.pl\/wp-content\/uploads\/2024\/10\/ws6-263x300.jpg 263w, https:\/\/ortesis.pl\/wp-content\/uploads\/2024\/10\/ws6.jpg 365w\" sizes=\"(max-width: 263px) 100vw, 263px\" \/><\/p>\n<\/div>\n<\/div>\n<\/div>\n<\/div>\n<\/div>\n<\/div>\n<\/div>\n<\/div>\n<\/section>\n","protected":false},"excerpt":{"rendered":"<p><strong>Wskazania :\u00a0<\/strong>zesp\u00f3\u0142 cie\u015bni nadgarstka, zmiany przeci\u0105\u017ceniowe nadgarstka, obrz\u0119ki po urazie nadgarstka, ganglion, drobne skr\u0119cenia nadgarstka<\/p>\n","protected":false},"featured_media":1804,"template":"","meta":{"site-sidebar-layout":"default","site-content-layout":"default","ast-site-content-layout":"default","site-content-style":"default","site-sidebar-style":"default","ast-global-header-display":"","ast-banner-title-visibility":"","ast-main-header-display":"","ast-hfb-above-header-display":"","ast-hfb-below-header-display":"","ast-hfb-mobile-header-display":"","site-post-title":"","ast-breadcrumbs-content":"","ast-featured-img":"","footer-sml-layout":"","ast-disable-related-posts":"","theme-transparent-header-meta":"default","adv-header-id-meta":"","stick-header-meta":"","header-above-stick-meta":"","header-main-stick-meta":"","header-below-stick-meta":"","astra-migrate-meta-layouts":"set","ast-page-background-enabled":"default","ast-page-background-meta":{"desktop":{"background-color":"var(--ast-global-color-4)","background-image":"","background-repeat":"repeat","background-position":"center center","background-size":"auto","background-attachment":"scroll","background-type":"","background-media":"","overlay-type":"","overlay-color":"","overlay-opacity":"","overlay-gradient":""},"tablet":{"background-color":"","background-image":"","background-repeat":"repeat","background-position":"center center","background-size":"auto","background-attachment":"scroll","background-type":"","background-media":"","overlay-type":"","overlay-color":"","overlay-opacity":"","overlay-gradient":""},"mobile":{"background-color":"","background-image":"","background-repeat":"repeat","background-position":"center center","background-size":"auto","background-attachment":"scroll","background-type":"","background-media":"","overlay-type":"","overlay-color":"","overlay-opacity":"","overlay-gradient":""}},"ast-content-background-meta":{"desktop":{"background-color":"var(--ast-global-color-5)","background-image":"","background-repeat":"repeat","background-position":"center center","background-size":"auto","background-attachment":"scroll","background-type":"","background-media":"","overlay-type":"","overlay-color":"","overlay-opacity":"","overlay-gradient":""},"tablet":{"background-color":"var(--ast-global-color-5)","background-image":"","background-repeat":"repeat","background-position":"center center","background-size":"auto","background-attachment":"scroll","background-type":"","background-media":"","overlay-type":"","overlay-color":"","overlay-opacity":"","overlay-gradient":""},"mobile":{"background-color":"var(--ast-global-color-5)","background-image":"","background-repeat":"repeat","background-position":"center center","background-size":"auto","background-attachment":"scroll","background-type":"","background-media":"","overlay-type":"","overlay-color":"","overlay-opacity":"","overlay-gradient":""}}},"product_brand":[],"product_cat":[27,56],"product_tag":[65],"class_list":{"0":"post-1799","1":"product","2":"type-product","3":"status-publish","4":"has-post-thumbnail","6":"product_cat-ortezy-nadgarstka-reki","7":"product_cat-stabilizatory-kompresyjne","8":"product_tag-staw-kolanowy","9":"desktop-align-center","10":"tablet-align-left","11":"mobile-align-left","13":"first","14":"instock","15":"sale","16":"taxable","17":"shipping-taxable","18":"purchasable","19":"product-type-variable","20":"has-default-attributes"},"yoast_head":"<!-- This site is optimized with the Yoast SEO plugin v27.4 - https:\/\/yoast.com\/product\/yoast-seo-wordpress\/ -->\n<title>Stabilizator kompresyjny stawu nadgarstkowego WS6 zesp\u00f3\u0142 cie\u015bni nadgarstka - ortesis.pl<\/title>\n<meta name=\"robots\" content=\"index, follow, max-snippet:-1, max-image-preview:large, max-video-preview:-1\" \/>\n<link rel=\"canonical\" href=\"https:\/\/ortesis.pl\/?product=stabilizator-kompresyjny-stawu-nadgarstkowego-ws6-zespol-ciesni-nadgarstka\" \/>\n<meta property=\"og:locale\" content=\"pl_PL\" \/>\n<meta property=\"og:type\" content=\"article\" \/>\n<meta property=\"og:title\" content=\"Stabilizator kompresyjny stawu nadgarstkowego WS6 zesp\u00f3\u0142 cie\u015bni nadgarstka - ortesis.pl\" \/>\n<meta property=\"og:description\" content=\"Wskazania :\u00a0zesp\u00f3\u0142 cie\u015bni nadgarstka, zmiany przeci\u0105\u017ceniowe nadgarstka, obrz\u0119ki po urazie nadgarstka, ganglion, drobne skr\u0119cenia nadgarstka\" \/>\n<meta property=\"og:url\" content=\"https:\/\/ortesis.pl\/?product=stabilizator-kompresyjny-stawu-nadgarstkowego-ws6-zespol-ciesni-nadgarstka\" \/>\n<meta property=\"og:site_name\" content=\"ortesis.pl\" \/>\n<meta property=\"article:modified_time\" content=\"2024-10-14T20:38:11+00:00\" \/>\n<meta property=\"og:image\" content=\"https:\/\/ortesis.pl\/wp-content\/uploads\/2024\/10\/orteza-kompresyjna-zespol-ciesni-nadgarstka-WS6.png\" \/>\n\t<meta property=\"og:image:width\" content=\"800\" \/>\n\t<meta property=\"og:image:height\" content=\"800\" \/>\n\t<meta property=\"og:image:type\" content=\"image\/png\" \/>\n<meta name=\"twitter:card\" content=\"summary_large_image\" \/>\n<meta name=\"twitter:label1\" content=\"Szacowany czas czytania\" \/>\n\t<meta name=\"twitter:data1\" content=\"1 minuta\" \/>\n<script type=\"application\/ld+json\" class=\"yoast-schema-graph\">{\"@context\":\"https:\\\/\\\/schema.org\",\"@graph\":[{\"@type\":\"WebPage\",\"@id\":\"https:\\\/\\\/ortesis.pl\\\/?product=stabilizator-kompresyjny-stawu-nadgarstkowego-ws6-zespol-ciesni-nadgarstka\",\"url\":\"https:\\\/\\\/ortesis.pl\\\/?product=stabilizator-kompresyjny-stawu-nadgarstkowego-ws6-zespol-ciesni-nadgarstka\",\"name\":\"Stabilizator kompresyjny stawu nadgarstkowego WS6 zesp\u00f3\u0142 cie\u015bni nadgarstka - ortesis.pl\",\"isPartOf\":{\"@id\":\"https:\\\/\\\/ortesis.pl\\\/#website\"},\"primaryImageOfPage\":{\"@id\":\"https:\\\/\\\/ortesis.pl\\\/?product=stabilizator-kompresyjny-stawu-nadgarstkowego-ws6-zespol-ciesni-nadgarstka#primaryimage\"},\"image\":{\"@id\":\"https:\\\/\\\/ortesis.pl\\\/?product=stabilizator-kompresyjny-stawu-nadgarstkowego-ws6-zespol-ciesni-nadgarstka#primaryimage\"},\"thumbnailUrl\":\"https:\\\/\\\/ortesis.pl\\\/wp-content\\\/uploads\\\/2024\\\/10\\\/orteza-kompresyjna-zespol-ciesni-nadgarstka-WS6.png\",\"datePublished\":\"2024-10-14T20:29:14+00:00\",\"dateModified\":\"2024-10-14T20:38:11+00:00\",\"breadcrumb\":{\"@id\":\"https:\\\/\\\/ortesis.pl\\\/?product=stabilizator-kompresyjny-stawu-nadgarstkowego-ws6-zespol-ciesni-nadgarstka#breadcrumb\"},\"inLanguage\":\"pl-PL\",\"potentialAction\":[{\"@type\":\"ReadAction\",\"target\":[\"https:\\\/\\\/ortesis.pl\\\/?product=stabilizator-kompresyjny-stawu-nadgarstkowego-ws6-zespol-ciesni-nadgarstka\"]}]},{\"@type\":\"ImageObject\",\"inLanguage\":\"pl-PL\",\"@id\":\"https:\\\/\\\/ortesis.pl\\\/?product=stabilizator-kompresyjny-stawu-nadgarstkowego-ws6-zespol-ciesni-nadgarstka#primaryimage\",\"url\":\"https:\\\/\\\/ortesis.pl\\\/wp-content\\\/uploads\\\/2024\\\/10\\\/orteza-kompresyjna-zespol-ciesni-nadgarstka-WS6.png\",\"contentUrl\":\"https:\\\/\\\/ortesis.pl\\\/wp-content\\\/uploads\\\/2024\\\/10\\\/orteza-kompresyjna-zespol-ciesni-nadgarstka-WS6.png\",\"width\":800,\"height\":800},{\"@type\":\"BreadcrumbList\",\"@id\":\"https:\\\/\\\/ortesis.pl\\\/?product=stabilizator-kompresyjny-stawu-nadgarstkowego-ws6-zespol-ciesni-nadgarstka#breadcrumb\",\"itemListElement\":[{\"@type\":\"ListItem\",\"position\":1,\"name\":\"Strona g\u0142\u00f3wna\",\"item\":\"https:\\\/\\\/ortesis.pl\\\/\"},{\"@type\":\"ListItem\",\"position\":2,\"name\":\"Sklep\",\"item\":\"https:\\\/\\\/ortesis.pl\\\/?page_id=977\"},{\"@type\":\"ListItem\",\"position\":3,\"name\":\"Stabilizator kompresyjny stawu nadgarstkowego WS6 zesp\u00f3\u0142 cie\u015bni nadgarstka\"}]},{\"@type\":\"WebSite\",\"@id\":\"https:\\\/\\\/ortesis.pl\\\/#website\",\"url\":\"https:\\\/\\\/ortesis.pl\\\/\",\"name\":\"ortesis.pl\",\"description\":\"Sklep z zaopatrzeniem ortopedycznym, artyku\u0142ami medycznymi i suplementami\",\"publisher\":{\"@id\":\"https:\\\/\\\/ortesis.pl\\\/#organization\"},\"potentialAction\":[{\"@type\":\"SearchAction\",\"target\":{\"@type\":\"EntryPoint\",\"urlTemplate\":\"https:\\\/\\\/ortesis.pl\\\/?s={search_term_string}\"},\"query-input\":{\"@type\":\"PropertyValueSpecification\",\"valueRequired\":true,\"valueName\":\"search_term_string\"}}],\"inLanguage\":\"pl-PL\"},{\"@type\":\"Organization\",\"@id\":\"https:\\\/\\\/ortesis.pl\\\/#organization\",\"name\":\"ortesis.pl\",\"url\":\"https:\\\/\\\/ortesis.pl\\\/\",\"logo\":{\"@type\":\"ImageObject\",\"inLanguage\":\"pl-PL\",\"@id\":\"https:\\\/\\\/ortesis.pl\\\/#\\\/schema\\\/logo\\\/image\\\/\",\"url\":\"https:\\\/\\\/ortesis.pl\\\/wp-content\\\/uploads\\\/2022\\\/08\\\/cropped-We-live-free.-1.png\",\"contentUrl\":\"https:\\\/\\\/ortesis.pl\\\/wp-content\\\/uploads\\\/2022\\\/08\\\/cropped-We-live-free.-1.png\",\"width\":180,\"height\":60,\"caption\":\"ortesis.pl\"},\"image\":{\"@id\":\"https:\\\/\\\/ortesis.pl\\\/#\\\/schema\\\/logo\\\/image\\\/\"}}]}<\/script>\n<!-- \/ Yoast SEO plugin. -->","yoast_head_json":{"title":"Stabilizator kompresyjny stawu nadgarstkowego WS6 zesp\u00f3\u0142 cie\u015bni nadgarstka - ortesis.pl","robots":{"index":"index","follow":"follow","max-snippet":"max-snippet:-1","max-image-preview":"max-image-preview:large","max-video-preview":"max-video-preview:-1"},"canonical":"https:\/\/ortesis.pl\/?product=stabilizator-kompresyjny-stawu-nadgarstkowego-ws6-zespol-ciesni-nadgarstka","og_locale":"pl_PL","og_type":"article","og_title":"Stabilizator kompresyjny stawu nadgarstkowego WS6 zesp\u00f3\u0142 cie\u015bni nadgarstka - ortesis.pl","og_description":"Wskazania :\u00a0zesp\u00f3\u0142 cie\u015bni nadgarstka, zmiany przeci\u0105\u017ceniowe nadgarstka, obrz\u0119ki po urazie nadgarstka, ganglion, drobne skr\u0119cenia nadgarstka","og_url":"https:\/\/ortesis.pl\/?product=stabilizator-kompresyjny-stawu-nadgarstkowego-ws6-zespol-ciesni-nadgarstka","og_site_name":"ortesis.pl","article_modified_time":"2024-10-14T20:38:11+00:00","og_image":[{"width":800,"height":800,"url":"https:\/\/ortesis.pl\/wp-content\/uploads\/2024\/10\/orteza-kompresyjna-zespol-ciesni-nadgarstka-WS6.png","type":"image\/png"}],"twitter_card":"summary_large_image","twitter_misc":{"Szacowany czas czytania":"1 minuta"},"schema":{"@context":"https:\/\/schema.org","@graph":[{"@type":"WebPage","@id":"https:\/\/ortesis.pl\/?product=stabilizator-kompresyjny-stawu-nadgarstkowego-ws6-zespol-ciesni-nadgarstka","url":"https:\/\/ortesis.pl\/?product=stabilizator-kompresyjny-stawu-nadgarstkowego-ws6-zespol-ciesni-nadgarstka","name":"Stabilizator kompresyjny stawu nadgarstkowego WS6 zesp\u00f3\u0142 cie\u015bni nadgarstka - ortesis.pl","isPartOf":{"@id":"https:\/\/ortesis.pl\/#website"},"primaryImageOfPage":{"@id":"https:\/\/ortesis.pl\/?product=stabilizator-kompresyjny-stawu-nadgarstkowego-ws6-zespol-ciesni-nadgarstka#primaryimage"},"image":{"@id":"https:\/\/ortesis.pl\/?product=stabilizator-kompresyjny-stawu-nadgarstkowego-ws6-zespol-ciesni-nadgarstka#primaryimage"},"thumbnailUrl":"https:\/\/ortesis.pl\/wp-content\/uploads\/2024\/10\/orteza-kompresyjna-zespol-ciesni-nadgarstka-WS6.png","datePublished":"2024-10-14T20:29:14+00:00","dateModified":"2024-10-14T20:38:11+00:00","breadcrumb":{"@id":"https:\/\/ortesis.pl\/?product=stabilizator-kompresyjny-stawu-nadgarstkowego-ws6-zespol-ciesni-nadgarstka#breadcrumb"},"inLanguage":"pl-PL","potentialAction":[{"@type":"ReadAction","target":["https:\/\/ortesis.pl\/?product=stabilizator-kompresyjny-stawu-nadgarstkowego-ws6-zespol-ciesni-nadgarstka"]}]},{"@type":"ImageObject","inLanguage":"pl-PL","@id":"https:\/\/ortesis.pl\/?product=stabilizator-kompresyjny-stawu-nadgarstkowego-ws6-zespol-ciesni-nadgarstka#primaryimage","url":"https:\/\/ortesis.pl\/wp-content\/uploads\/2024\/10\/orteza-kompresyjna-zespol-ciesni-nadgarstka-WS6.png","contentUrl":"https:\/\/ortesis.pl\/wp-content\/uploads\/2024\/10\/orteza-kompresyjna-zespol-ciesni-nadgarstka-WS6.png","width":800,"height":800},{"@type":"BreadcrumbList","@id":"https:\/\/ortesis.pl\/?product=stabilizator-kompresyjny-stawu-nadgarstkowego-ws6-zespol-ciesni-nadgarstka#breadcrumb","itemListElement":[{"@type":"ListItem","position":1,"name":"Strona g\u0142\u00f3wna","item":"https:\/\/ortesis.pl\/"},{"@type":"ListItem","position":2,"name":"Sklep","item":"https:\/\/ortesis.pl\/?page_id=977"},{"@type":"ListItem","position":3,"name":"Stabilizator kompresyjny stawu nadgarstkowego WS6 zesp\u00f3\u0142 cie\u015bni nadgarstka"}]},{"@type":"WebSite","@id":"https:\/\/ortesis.pl\/#website","url":"https:\/\/ortesis.pl\/","name":"ortesis.pl","description":"Sklep z zaopatrzeniem ortopedycznym, artyku\u0142ami medycznymi i suplementami","publisher":{"@id":"https:\/\/ortesis.pl\/#organization"},"potentialAction":[{"@type":"SearchAction","target":{"@type":"EntryPoint","urlTemplate":"https:\/\/ortesis.pl\/?s={search_term_string}"},"query-input":{"@type":"PropertyValueSpecification","valueRequired":true,"valueName":"search_term_string"}}],"inLanguage":"pl-PL"},{"@type":"Organization","@id":"https:\/\/ortesis.pl\/#organization","name":"ortesis.pl","url":"https:\/\/ortesis.pl\/","logo":{"@type":"ImageObject","inLanguage":"pl-PL","@id":"https:\/\/ortesis.pl\/#\/schema\/logo\/image\/","url":"https:\/\/ortesis.pl\/wp-content\/uploads\/2022\/08\/cropped-We-live-free.-1.png","contentUrl":"https:\/\/ortesis.pl\/wp-content\/uploads\/2022\/08\/cropped-We-live-free.-1.png","width":180,"height":60,"caption":"ortesis.pl"},"image":{"@id":"https:\/\/ortesis.pl\/#\/schema\/logo\/image\/"}}]}},"_links":{"self":[{"href":"https:\/\/ortesis.pl\/index.php?rest_route=\/wp\/v2\/product\/1799","targetHints":{"allow":["GET"]}}],"collection":[{"href":"https:\/\/ortesis.pl\/index.php?rest_route=\/wp\/v2\/product"}],"about":[{"href":"https:\/\/ortesis.pl\/index.php?rest_route=\/wp\/v2\/types\/product"}],"version-history":[{"count":1,"href":"https:\/\/ortesis.pl\/index.php?rest_route=\/wp\/v2\/product\/1799\/revisions"}],"predecessor-version":[{"id":1808,"href":"https:\/\/ortesis.pl\/index.php?rest_route=\/wp\/v2\/product\/1799\/revisions\/1808"}],"wp:featuredmedia":[{"embeddable":true,"href":"https:\/\/ortesis.pl\/index.php?rest_route=\/wp\/v2\/media\/1804"}],"wp:attachment":[{"href":"https:\/\/ortesis.pl\/index.php?rest_route=%2Fwp%2Fv2%2Fmedia&parent=1799"}],"wp:term":[{"taxonomy":"product_brand","embeddable":true,"href":"https:\/\/ortesis.pl\/index.php?rest_route=%2Fwp%2Fv2%2Fproduct_brand&post=1799"},{"taxonomy":"product_cat","embeddable":true,"href":"https:\/\/ortesis.pl\/index.php?rest_route=%2Fwp%2Fv2%2Fproduct_cat&post=1799"},{"taxonomy":"product_tag","embeddable":true,"href":"https:\/\/ortesis.pl\/index.php?rest_route=%2Fwp%2Fv2%2Fproduct_tag&post=1799"}],"curies":[{"name":"wp","href":"https:\/\/api.w.org\/{rel}","templated":true}]}}