{"id":1718,"date":"2024-10-04T18:41:24","date_gmt":"2024-10-04T16:41:24","guid":{"rendered":"https:\/\/ortesis.pl\/?post_type=product&#038;p=1718"},"modified":"2025-12-10T07:40:00","modified_gmt":"2025-12-10T06:40:00","slug":"stabilizator-stawu-kolanowego-kompresyjny-ks7","status":"publish","type":"product","link":"https:\/\/ortesis.pl\/?product=stabilizator-stawu-kolanowego-kompresyjny-ks7","title":{"rendered":"Stabilizator kompresyjny stawu kolanowego KS7 opaska na kolano"},"content":{"rendered":"<p>Kszta\u0142t opaski KS7 u\u0142atwia jej zak\u0142adanie i daje komfort noszenia (nawet pod odzie\u017c\u0105), siedem stref stopniowanego ucisku nie tylko wzmaga skuteczno\u015b\u0107 KS7 w \u0142agodzeniu dolegliwo\u015bci b\u00f3lowych, lecz tak\u017ce poprawia kr\u0105\u017cenie krwi w obr\u0119bie kolana, co ma wp\u0142yw na zmniejszenie obrz\u0119ku mi\u0119\u015bni i szybszy powr\u00f3t do zdrowia.<br \/>\nProdukt sprzedawany\u00a0<strong>pojedynczo<\/strong>.<\/p>\n<table class=\"tabela-rozmiarow\" align=\"center\">\n<tbody>\n<tr>\n<td>Rozmiar<\/td>\n<td>Obw\u00f3d nad rzepk\u0105 [cm]<\/td>\n<td>Obw\u00f3d pod rzepk\u0105 [cm]<\/td>\n<\/tr>\n<tr>\n<td>S<\/td>\n<td>30-40<\/td>\n<td>23-33<\/td>\n<\/tr>\n<tr>\n<td>M<\/td>\n<td>35-45<\/td>\n<td>28-38<\/td>\n<\/tr>\n<tr>\n<td>L<\/td>\n<td>40-50<\/td>\n<td>33-44<\/td>\n<\/tr>\n<tr>\n<td>XL<\/td>\n<td>47-57<\/td>\n<td>38-50<\/td>\n<\/tr>\n<\/tbody>\n<\/table>\n<h4><\/h4>\n<h4>Wskazania do stosowania :<\/h4>\n<ul>\n<li>stabilizacja aparatu \u015bci\u0119gnisto- mi\u0119\u015bniowego,<\/li>\n<li>stabilizacja wi\u0119zade\u0142 i \u015bci\u0119gien,<\/li>\n<li>wspiera i stabilizuje rzepk\u0119,<\/li>\n<li>\u0142agodzi artretyczne obrz\u0119ki kolana,<\/li>\n<li>\u0142agodzi dolegliwo\u015bci b\u00f3lowe w m.in.:\n<ul>\n<li>zespole kolana biegacza<\/li>\n<li>zespole kolana skoczka<\/li>\n<li>zapaleniu wi\u0119zad\u0142a rzepki<\/li>\n<li>zapaleniu staw\u00f3w i innych bolesnych stanach w oklicy stawu kolanowego<\/li>\n<\/ul>\n<\/li>\n<li>zapewnia dodatkow\u0105 ochron\u0119 podczas chodzenia, biegania i uprawiania sport\u00f3w.<\/li>\n<\/ul>\n<h4>Dzia\u0142anie :<\/h4>\n<ul>\n<li>komfort noszenia \u2013 umo\u017cliwia stosowanie zar\u00f3wno w dzie\u0144 jak i w nocy,<\/li>\n<li>unosi rozci\u0119gno podeszwowe nawet do 20%,<\/li>\n<li>zwi\u0119ksza naturalne poduszki t\u0142uszczowe nawet do 20%<\/li>\n<li>delikatnie unosi i napina rozci\u0119gno podeszwowe i \u015bci\u0119gno Achillesa,<\/li>\n<li>wpiera otaczaj\u0105c\u0105 struktur\u0119 tkankow\u0105,<\/li>\n<li>wspiera struktury stawu skokowego oraz \u015bci\u0119gna Achillesa,<\/li>\n<li>zmniejsza obrz\u0119ki limfatyczne poprzez pobudzenie uk\u0142adu kr\u0105\u017ceni<\/li>\n<\/ul>\n<section class=\"elementor-section elementor-top-section elementor-element elementor-element-cc3a8bd elementor-section-boxed elementor-section-height-default elementor-section-height-default\" data-id=\"cc3a8bd\" data-element_type=\"section\">\n<div class=\"elementor-container elementor-column-gap-default\">\n<div class=\"elementor-row\">\n<div class=\"elementor-column elementor-col-100 elementor-top-column elementor-element elementor-element-a5d8a60\" data-id=\"a5d8a60\" data-element_type=\"column\">\n<div class=\"elementor-column-wrap elementor-element-populated\">\n<div class=\"elementor-widget-wrap\">\n<div class=\"elementor-element elementor-element-d8ea94a elementor-widget elementor-widget-text-editor\" data-id=\"d8ea94a\" data-element_type=\"widget\" data-widget_type=\"text-editor.default\">\n<div class=\"elementor-widget-container\">\n<h4 class=\"elementor-text-editor elementor-clearfix\">W KS7 wbudowano 7 stref naprzemiennej kompresji:<\/h4>\n<\/div>\n<\/div>\n<\/div>\n<\/div>\n<\/div>\n<\/div>\n<\/div>\n<\/section>\n<section class=\"elementor-section elementor-top-section elementor-element elementor-element-afa9a85 elementor-section-boxed elementor-section-height-default elementor-section-height-default\" data-id=\"afa9a85\" data-element_type=\"section\">\n<div class=\"elementor-container elementor-column-gap-default\">\n<div class=\"elementor-row\">\n<div class=\"elementor-column elementor-col-50 elementor-top-column elementor-element elementor-element-b002ab7\" data-id=\"b002ab7\" data-element_type=\"column\">\n<div class=\"elementor-column-wrap elementor-element-populated\">\n<div class=\"elementor-widget-wrap\">\n<div class=\"elementor-element elementor-element-af8067d elementor-widget elementor-widget-text-editor\" data-id=\"af8067d\" data-element_type=\"widget\" data-widget_type=\"text-editor.default\">\n<div class=\"elementor-widget-container\">\n<div class=\"elementor-text-editor elementor-clearfix\">\n<ul>\n<li><strong>Strefa 1 (10-15 mmHg):<\/strong>\u00a0Lekka kompresja. P\u0142aska i g\u0142adka kraw\u0119d\u017a nie posiada zgrubie\u0144 powoduj\u0105cych nadmierny ucisk, zapewniaj\u0105c maksymalny komfort u\u017cytkowania.<\/li>\n<li><strong>Strefa 2 [15-20 mmHg]:<\/strong>\u00a0Umiarkowana kompresja. Zwi\u0119kszenie stabilizacj\u0119 oraz przep\u0142yw krwi.<\/li>\n<li><strong>Strefa 3 [20-30 mmHg]:<\/strong>\u00a0Kompresja dolnej strefy stabilizacji rzepki. Zapobiega wyst\u0119powaniu kontuzji.<\/li>\n<li><strong>Strefa 4 [10-15 mmHg]:<\/strong>\u00a0Lekka kompresja, strefa wolna od nacisku.<\/li>\n<li><strong>Strefa 5 [20-30 mmHg]:<\/strong>\u00a0Stopniowa kompresja ze specjaln\u0105 \u017celow\u0105 stref\u0105 stabilizacji kolana zwi\u0119kszaj\u0105 mobilno\u015b\u0107.<\/li>\n<li><strong>Strefa 6 [15-20 mmHg]:<\/strong>\u00a0Umiarkowana kompresja, zapewniaj\u0105ca stabilno\u015b\u0107 mi\u0119\u015bni.<\/li>\n<li><strong>Strefa 7 [10-15 mmHg]:\u00a0<\/strong>Lekka kompresja. Zapewnia maksymalny komfort u\u017cytkowania.<\/li>\n<\/ul>\n<p><img fetchpriority=\"high\" decoding=\"async\" class=\"alignnone size-medium wp-image-1730\" src=\"https:\/\/ortesis.pl\/wp-content\/uploads\/2024\/10\/ks7_strefy_kompresji-231x300.jpg\" alt=\"\" width=\"231\" height=\"300\" srcset=\"https:\/\/ortesis.pl\/wp-content\/uploads\/2024\/10\/ks7_strefy_kompresji-231x300.jpg 231w, https:\/\/ortesis.pl\/wp-content\/uploads\/2024\/10\/ks7_strefy_kompresji.jpg 372w\" sizes=\"(max-width: 231px) 100vw, 231px\" \/><\/p>\n<\/div>\n<\/div>\n<\/div>\n<\/div>\n<\/div>\n<\/div>\n<\/div>\n<\/div>\n<\/section>\n","protected":false},"excerpt":{"rendered":"<p data-start=\"456\" data-end=\"588\">Stabilizator kompresyjny kolana stosuje si\u0119 w celu <strong data-start=\"533\" data-end=\"575\">\u0142agodzenia b\u00f3lu i wspomagania leczenia<\/strong> w przypadku:<\/p>\n<ol data-start=\"590\" data-end=\"1020\">\n<li data-start=\"590\" data-end=\"631\">\n<p data-start=\"593\" data-end=\"631\"><strong data-start=\"593\" data-end=\"631\">Zesp\u00f3\u0142 b\u00f3lowy rzepkowo-udowy (PFS)<\/strong><\/p>\n<\/li>\n<li data-start=\"632\" data-end=\"687\">\n<p data-start=\"635\" data-end=\"687\"><strong data-start=\"635\" data-end=\"687\">Zapalenie \u015bci\u0119gna rzepki (tzw. \u201ekolano skoczka\u201d)<\/strong><\/p>\n<\/li>\n<li data-start=\"688\" data-end=\"746\">\n<p data-start=\"691\" data-end=\"746\"><strong data-start=\"691\" data-end=\"746\">\u0141agodne do umiarkowanych skr\u0119cenia stawu kolanowego<\/strong><\/p>\n<\/li>\n<li data-start=\"747\" data-end=\"780\">\n<p data-start=\"750\" data-end=\"780\"><strong data-start=\"750\" data-end=\"780\">Przeci\u0105\u017ceniowe b\u00f3le kolana<\/strong><\/p>\n<\/li>\n<li data-start=\"781\" data-end=\"840\">\n<p data-start=\"784\" data-end=\"840\"><strong data-start=\"784\" data-end=\"840\">Choroba zwyrodnieniowa stawu kolanowego (gonartroza)<\/strong><\/p>\n<\/li>\n<li data-start=\"841\" data-end=\"881\">\n<p data-start=\"844\" data-end=\"881\"><strong data-start=\"844\" data-end=\"881\">Zapalenie kaletki maziowej kolana<\/strong><\/p>\n<\/li>\n<li data-start=\"882\" data-end=\"953\">\n<p data-start=\"885\" data-end=\"953\"><strong data-start=\"885\" data-end=\"953\">Po urazach lub zabiegach \u2013 w celu wsparcia procesu rehabilitacji<\/strong><\/p>\n<\/li>\n<li data-start=\"954\" data-end=\"1020\">\n<p data-start=\"957\" data-end=\"1020\"><strong data-start=\"957\" data-end=\"1020\">W profilaktyce \u2013 np. u sportowc\u00f3w nara\u017conych na urazy kolan<\/strong><\/p>\n<\/li>\n<\/ol>\n","protected":false},"featured_media":1725,"template":"","meta":{"site-sidebar-layout":"default","site-content-layout":"default","ast-site-content-layout":"default","site-content-style":"default","site-sidebar-style":"default","ast-global-header-display":"","ast-banner-title-visibility":"","ast-main-header-display":"","ast-hfb-above-header-display":"","ast-hfb-below-header-display":"","ast-hfb-mobile-header-display":"","site-post-title":"","ast-breadcrumbs-content":"","ast-featured-img":"","footer-sml-layout":"","ast-disable-related-posts":"","theme-transparent-header-meta":"default","adv-header-id-meta":"","stick-header-meta":"","header-above-stick-meta":"","header-main-stick-meta":"","header-below-stick-meta":"","astra-migrate-meta-layouts":"set","ast-page-background-enabled":"default","ast-page-background-meta":{"desktop":{"background-color":"var(--ast-global-color-4)","background-image":"","background-repeat":"repeat","background-position":"center center","background-size":"auto","background-attachment":"scroll","background-type":"","background-media":"","overlay-type":"","overlay-color":"","overlay-opacity":"","overlay-gradient":""},"tablet":{"background-color":"","background-image":"","background-repeat":"repeat","background-position":"center center","background-size":"auto","background-attachment":"scroll","background-type":"","background-media":"","overlay-type":"","overlay-color":"","overlay-opacity":"","overlay-gradient":""},"mobile":{"background-color":"","background-image":"","background-repeat":"repeat","background-position":"center center","background-size":"auto","background-attachment":"scroll","background-type":"","background-media":"","overlay-type":"","overlay-color":"","overlay-opacity":"","overlay-gradient":""}},"ast-content-background-meta":{"desktop":{"background-color":"var(--ast-global-color-5)","background-image":"","background-repeat":"repeat","background-position":"center center","background-size":"auto","background-attachment":"scroll","background-type":"","background-media":"","overlay-type":"","overlay-color":"","overlay-opacity":"","overlay-gradient":""},"tablet":{"background-color":"var(--ast-global-color-5)","background-image":"","background-repeat":"repeat","background-position":"center center","background-size":"auto","background-attachment":"scroll","background-type":"","background-media":"","overlay-type":"","overlay-color":"","overlay-opacity":"","overlay-gradient":""},"mobile":{"background-color":"var(--ast-global-color-5)","background-image":"","background-repeat":"repeat","background-position":"center center","background-size":"auto","background-attachment":"scroll","background-type":"","background-media":"","overlay-type":"","overlay-color":"","overlay-opacity":"","overlay-gradient":""}}},"product_brand":[],"product_cat":[102,56],"product_tag":[65],"class_list":{"0":"post-1718","1":"product","2":"type-product","3":"status-publish","4":"has-post-thumbnail","6":"product_cat-stabilizator","7":"product_cat-stabilizatory-kompresyjne","8":"product_tag-staw-kolanowy","9":"desktop-align-center","10":"tablet-align-left","11":"mobile-align-left","13":"first","14":"instock","15":"sale","16":"taxable","17":"shipping-taxable","18":"purchasable","19":"product-type-variable","20":"has-default-attributes"},"yoast_head":"<!-- This site is optimized with the Yoast SEO plugin v27.4 - https:\/\/yoast.com\/product\/yoast-seo-wordpress\/ -->\n<title>Stabilizator kompresyjny stawu kolanowego KS7 opaska na kolano - ortesis.pl<\/title>\n<meta name=\"robots\" content=\"index, follow, max-snippet:-1, max-image-preview:large, max-video-preview:-1\" \/>\n<link rel=\"canonical\" href=\"https:\/\/ortesis.pl\/?product=stabilizator-stawu-kolanowego-kompresyjny-ks7\" \/>\n<meta property=\"og:locale\" content=\"pl_PL\" \/>\n<meta property=\"og:type\" content=\"article\" \/>\n<meta property=\"og:title\" content=\"Stabilizator kompresyjny stawu kolanowego KS7 opaska na kolano - ortesis.pl\" \/>\n<meta property=\"og:description\" content=\"Stabilizator kompresyjny kolana stosuje si\u0119 w celu \u0142agodzenia b\u00f3lu i wspomagania leczenia w przypadku:     Zesp\u00f3\u0142 b\u00f3lowy rzepkowo-udowy (PFS)    Zapalenie \u015bci\u0119gna rzepki (tzw. \u201ekolano skoczka\u201d)    \u0141agodne do umiarkowanych skr\u0119cenia stawu kolanowego    Przeci\u0105\u017ceniowe b\u00f3le kolana    Choroba zwyrodnieniowa stawu kolanowego (gonartroza)    Zapalenie kaletki maziowej kolana    Po urazach lub zabiegach \u2013 w celu wsparcia procesu rehabilitacji    W profilaktyce \u2013 np. u sportowc\u00f3w nara\u017conych na urazy kolan\" \/>\n<meta property=\"og:url\" content=\"https:\/\/ortesis.pl\/?product=stabilizator-stawu-kolanowego-kompresyjny-ks7\" \/>\n<meta property=\"og:site_name\" content=\"ortesis.pl\" \/>\n<meta property=\"article:modified_time\" content=\"2025-12-10T06:40:00+00:00\" \/>\n<meta property=\"og:image\" content=\"https:\/\/ortesis.pl\/wp-content\/uploads\/2024\/10\/KS7-orteza-kompresyjna-kolana.png\" \/>\n\t<meta property=\"og:image:width\" content=\"800\" \/>\n\t<meta property=\"og:image:height\" content=\"800\" \/>\n\t<meta property=\"og:image:type\" content=\"image\/png\" \/>\n<meta name=\"twitter:card\" content=\"summary_large_image\" \/>\n<meta name=\"twitter:label1\" content=\"Szacowany czas czytania\" \/>\n\t<meta name=\"twitter:data1\" content=\"3 minuty\" \/>\n<script type=\"application\/ld+json\" class=\"yoast-schema-graph\">{\"@context\":\"https:\\\/\\\/schema.org\",\"@graph\":[{\"@type\":\"WebPage\",\"@id\":\"https:\\\/\\\/ortesis.pl\\\/?product=stabilizator-stawu-kolanowego-kompresyjny-ks7\",\"url\":\"https:\\\/\\\/ortesis.pl\\\/?product=stabilizator-stawu-kolanowego-kompresyjny-ks7\",\"name\":\"Stabilizator kompresyjny stawu kolanowego KS7 opaska na kolano - ortesis.pl\",\"isPartOf\":{\"@id\":\"https:\\\/\\\/ortesis.pl\\\/#website\"},\"primaryImageOfPage\":{\"@id\":\"https:\\\/\\\/ortesis.pl\\\/?product=stabilizator-stawu-kolanowego-kompresyjny-ks7#primaryimage\"},\"image\":{\"@id\":\"https:\\\/\\\/ortesis.pl\\\/?product=stabilizator-stawu-kolanowego-kompresyjny-ks7#primaryimage\"},\"thumbnailUrl\":\"https:\\\/\\\/ortesis.pl\\\/wp-content\\\/uploads\\\/2024\\\/10\\\/KS7-orteza-kompresyjna-kolana.png\",\"datePublished\":\"2024-10-04T16:41:24+00:00\",\"dateModified\":\"2025-12-10T06:40:00+00:00\",\"breadcrumb\":{\"@id\":\"https:\\\/\\\/ortesis.pl\\\/?product=stabilizator-stawu-kolanowego-kompresyjny-ks7#breadcrumb\"},\"inLanguage\":\"pl-PL\",\"potentialAction\":[{\"@type\":\"ReadAction\",\"target\":[\"https:\\\/\\\/ortesis.pl\\\/?product=stabilizator-stawu-kolanowego-kompresyjny-ks7\"]}]},{\"@type\":\"ImageObject\",\"inLanguage\":\"pl-PL\",\"@id\":\"https:\\\/\\\/ortesis.pl\\\/?product=stabilizator-stawu-kolanowego-kompresyjny-ks7#primaryimage\",\"url\":\"https:\\\/\\\/ortesis.pl\\\/wp-content\\\/uploads\\\/2024\\\/10\\\/KS7-orteza-kompresyjna-kolana.png\",\"contentUrl\":\"https:\\\/\\\/ortesis.pl\\\/wp-content\\\/uploads\\\/2024\\\/10\\\/KS7-orteza-kompresyjna-kolana.png\",\"width\":800,\"height\":800},{\"@type\":\"BreadcrumbList\",\"@id\":\"https:\\\/\\\/ortesis.pl\\\/?product=stabilizator-stawu-kolanowego-kompresyjny-ks7#breadcrumb\",\"itemListElement\":[{\"@type\":\"ListItem\",\"position\":1,\"name\":\"Strona g\u0142\u00f3wna\",\"item\":\"https:\\\/\\\/ortesis.pl\\\/\"},{\"@type\":\"ListItem\",\"position\":2,\"name\":\"Sklep\",\"item\":\"https:\\\/\\\/ortesis.pl\\\/?page_id=977\"},{\"@type\":\"ListItem\",\"position\":3,\"name\":\"Stabilizator kompresyjny stawu kolanowego KS7 opaska na kolano\"}]},{\"@type\":\"WebSite\",\"@id\":\"https:\\\/\\\/ortesis.pl\\\/#website\",\"url\":\"https:\\\/\\\/ortesis.pl\\\/\",\"name\":\"ortesis.pl\",\"description\":\"Sklep z zaopatrzeniem ortopedycznym, artyku\u0142ami medycznymi i suplementami\",\"publisher\":{\"@id\":\"https:\\\/\\\/ortesis.pl\\\/#organization\"},\"potentialAction\":[{\"@type\":\"SearchAction\",\"target\":{\"@type\":\"EntryPoint\",\"urlTemplate\":\"https:\\\/\\\/ortesis.pl\\\/?s={search_term_string}\"},\"query-input\":{\"@type\":\"PropertyValueSpecification\",\"valueRequired\":true,\"valueName\":\"search_term_string\"}}],\"inLanguage\":\"pl-PL\"},{\"@type\":\"Organization\",\"@id\":\"https:\\\/\\\/ortesis.pl\\\/#organization\",\"name\":\"ortesis.pl\",\"url\":\"https:\\\/\\\/ortesis.pl\\\/\",\"logo\":{\"@type\":\"ImageObject\",\"inLanguage\":\"pl-PL\",\"@id\":\"https:\\\/\\\/ortesis.pl\\\/#\\\/schema\\\/logo\\\/image\\\/\",\"url\":\"https:\\\/\\\/ortesis.pl\\\/wp-content\\\/uploads\\\/2022\\\/08\\\/cropped-We-live-free.-1.png\",\"contentUrl\":\"https:\\\/\\\/ortesis.pl\\\/wp-content\\\/uploads\\\/2022\\\/08\\\/cropped-We-live-free.-1.png\",\"width\":180,\"height\":60,\"caption\":\"ortesis.pl\"},\"image\":{\"@id\":\"https:\\\/\\\/ortesis.pl\\\/#\\\/schema\\\/logo\\\/image\\\/\"}}]}<\/script>\n<!-- \/ Yoast SEO plugin. -->","yoast_head_json":{"title":"Stabilizator kompresyjny stawu kolanowego KS7 opaska na kolano - ortesis.pl","robots":{"index":"index","follow":"follow","max-snippet":"max-snippet:-1","max-image-preview":"max-image-preview:large","max-video-preview":"max-video-preview:-1"},"canonical":"https:\/\/ortesis.pl\/?product=stabilizator-stawu-kolanowego-kompresyjny-ks7","og_locale":"pl_PL","og_type":"article","og_title":"Stabilizator kompresyjny stawu kolanowego KS7 opaska na kolano - ortesis.pl","og_description":"Stabilizator kompresyjny kolana stosuje si\u0119 w celu \u0142agodzenia b\u00f3lu i wspomagania leczenia w przypadku:     Zesp\u00f3\u0142 b\u00f3lowy rzepkowo-udowy (PFS)    Zapalenie \u015bci\u0119gna rzepki (tzw. \u201ekolano skoczka\u201d)    \u0141agodne do umiarkowanych skr\u0119cenia stawu kolanowego    Przeci\u0105\u017ceniowe b\u00f3le kolana    Choroba zwyrodnieniowa stawu kolanowego (gonartroza)    Zapalenie kaletki maziowej kolana    Po urazach lub zabiegach \u2013 w celu wsparcia procesu rehabilitacji    W profilaktyce \u2013 np. u sportowc\u00f3w nara\u017conych na urazy kolan","og_url":"https:\/\/ortesis.pl\/?product=stabilizator-stawu-kolanowego-kompresyjny-ks7","og_site_name":"ortesis.pl","article_modified_time":"2025-12-10T06:40:00+00:00","og_image":[{"width":800,"height":800,"url":"https:\/\/ortesis.pl\/wp-content\/uploads\/2024\/10\/KS7-orteza-kompresyjna-kolana.png","type":"image\/png"}],"twitter_card":"summary_large_image","twitter_misc":{"Szacowany czas czytania":"3 minuty"},"schema":{"@context":"https:\/\/schema.org","@graph":[{"@type":"WebPage","@id":"https:\/\/ortesis.pl\/?product=stabilizator-stawu-kolanowego-kompresyjny-ks7","url":"https:\/\/ortesis.pl\/?product=stabilizator-stawu-kolanowego-kompresyjny-ks7","name":"Stabilizator kompresyjny stawu kolanowego KS7 opaska na kolano - ortesis.pl","isPartOf":{"@id":"https:\/\/ortesis.pl\/#website"},"primaryImageOfPage":{"@id":"https:\/\/ortesis.pl\/?product=stabilizator-stawu-kolanowego-kompresyjny-ks7#primaryimage"},"image":{"@id":"https:\/\/ortesis.pl\/?product=stabilizator-stawu-kolanowego-kompresyjny-ks7#primaryimage"},"thumbnailUrl":"https:\/\/ortesis.pl\/wp-content\/uploads\/2024\/10\/KS7-orteza-kompresyjna-kolana.png","datePublished":"2024-10-04T16:41:24+00:00","dateModified":"2025-12-10T06:40:00+00:00","breadcrumb":{"@id":"https:\/\/ortesis.pl\/?product=stabilizator-stawu-kolanowego-kompresyjny-ks7#breadcrumb"},"inLanguage":"pl-PL","potentialAction":[{"@type":"ReadAction","target":["https:\/\/ortesis.pl\/?product=stabilizator-stawu-kolanowego-kompresyjny-ks7"]}]},{"@type":"ImageObject","inLanguage":"pl-PL","@id":"https:\/\/ortesis.pl\/?product=stabilizator-stawu-kolanowego-kompresyjny-ks7#primaryimage","url":"https:\/\/ortesis.pl\/wp-content\/uploads\/2024\/10\/KS7-orteza-kompresyjna-kolana.png","contentUrl":"https:\/\/ortesis.pl\/wp-content\/uploads\/2024\/10\/KS7-orteza-kompresyjna-kolana.png","width":800,"height":800},{"@type":"BreadcrumbList","@id":"https:\/\/ortesis.pl\/?product=stabilizator-stawu-kolanowego-kompresyjny-ks7#breadcrumb","itemListElement":[{"@type":"ListItem","position":1,"name":"Strona g\u0142\u00f3wna","item":"https:\/\/ortesis.pl\/"},{"@type":"ListItem","position":2,"name":"Sklep","item":"https:\/\/ortesis.pl\/?page_id=977"},{"@type":"ListItem","position":3,"name":"Stabilizator kompresyjny stawu kolanowego KS7 opaska na kolano"}]},{"@type":"WebSite","@id":"https:\/\/ortesis.pl\/#website","url":"https:\/\/ortesis.pl\/","name":"ortesis.pl","description":"Sklep z zaopatrzeniem ortopedycznym, artyku\u0142ami medycznymi i suplementami","publisher":{"@id":"https:\/\/ortesis.pl\/#organization"},"potentialAction":[{"@type":"SearchAction","target":{"@type":"EntryPoint","urlTemplate":"https:\/\/ortesis.pl\/?s={search_term_string}"},"query-input":{"@type":"PropertyValueSpecification","valueRequired":true,"valueName":"search_term_string"}}],"inLanguage":"pl-PL"},{"@type":"Organization","@id":"https:\/\/ortesis.pl\/#organization","name":"ortesis.pl","url":"https:\/\/ortesis.pl\/","logo":{"@type":"ImageObject","inLanguage":"pl-PL","@id":"https:\/\/ortesis.pl\/#\/schema\/logo\/image\/","url":"https:\/\/ortesis.pl\/wp-content\/uploads\/2022\/08\/cropped-We-live-free.-1.png","contentUrl":"https:\/\/ortesis.pl\/wp-content\/uploads\/2022\/08\/cropped-We-live-free.-1.png","width":180,"height":60,"caption":"ortesis.pl"},"image":{"@id":"https:\/\/ortesis.pl\/#\/schema\/logo\/image\/"}}]}},"_links":{"self":[{"href":"https:\/\/ortesis.pl\/index.php?rest_route=\/wp\/v2\/product\/1718","targetHints":{"allow":["GET"]}}],"collection":[{"href":"https:\/\/ortesis.pl\/index.php?rest_route=\/wp\/v2\/product"}],"about":[{"href":"https:\/\/ortesis.pl\/index.php?rest_route=\/wp\/v2\/types\/product"}],"version-history":[{"count":8,"href":"https:\/\/ortesis.pl\/index.php?rest_route=\/wp\/v2\/product\/1718\/revisions"}],"predecessor-version":[{"id":2125,"href":"https:\/\/ortesis.pl\/index.php?rest_route=\/wp\/v2\/product\/1718\/revisions\/2125"}],"wp:featuredmedia":[{"embeddable":true,"href":"https:\/\/ortesis.pl\/index.php?rest_route=\/wp\/v2\/media\/1725"}],"wp:attachment":[{"href":"https:\/\/ortesis.pl\/index.php?rest_route=%2Fwp%2Fv2%2Fmedia&parent=1718"}],"wp:term":[{"taxonomy":"product_brand","embeddable":true,"href":"https:\/\/ortesis.pl\/index.php?rest_route=%2Fwp%2Fv2%2Fproduct_brand&post=1718"},{"taxonomy":"product_cat","embeddable":true,"href":"https:\/\/ortesis.pl\/index.php?rest_route=%2Fwp%2Fv2%2Fproduct_cat&post=1718"},{"taxonomy":"product_tag","embeddable":true,"href":"https:\/\/ortesis.pl\/index.php?rest_route=%2Fwp%2Fv2%2Fproduct_tag&post=1718"}],"curies":[{"name":"wp","href":"https:\/\/api.w.org\/{rel}","templated":true}]}}